{"id":6206,"date":"2022-07-31T15:30:48","date_gmt":"2022-07-31T19:30:48","guid":{"rendered":"https:\/\/paju.org\/become-a-member\/"},"modified":"2023-05-22T09:02:00","modified_gmt":"2023-05-22T13:02:00","slug":"devenir-membre","status":"publish","type":"page","link":"https:\/\/paju.org\/fr\/devenir-membre\/","title":{"rendered":"Devenir membre"},"content":{"rendered":"<p>[et_pb_section fb_built=\u00a0\u00bb1&Prime; _builder_version=\u00a0\u00bb4.17.4&Prime; _module_preset=\u00a0\u00bbdefault\u00a0\u00bb background_enable_image=\u00a0\u00bboff\u00a0\u00bb da_disable_devices=\u00a0\u00bboff|off|off\u00a0\u00bb global_colors_info=\u00a0\u00bb{}\u00a0\u00bb da_is_popup=\u00a0\u00bboff\u00a0\u00bb da_exit_intent=\u00a0\u00bboff\u00a0\u00bb da_has_close=\u00a0\u00bbon\u00a0\u00bb da_alt_close=\u00a0\u00bboff\u00a0\u00bb da_dark_close=\u00a0\u00bboff\u00a0\u00bb da_not_modal=\u00a0\u00bbon\u00a0\u00bb da_is_singular=\u00a0\u00bboff\u00a0\u00bb da_with_loader=\u00a0\u00bboff\u00a0\u00bb da_has_shadow=\u00a0\u00bbon\u00a0\u00bb][et_pb_row _builder_version=\u00a0\u00bb4.17.4&Prime; _module_preset=\u00a0\u00bbdefault\u00a0\u00bb global_colors_info=\u00a0\u00bb{}\u00a0\u00bb][et_pb_column type=\u00a0\u00bb4_4&Prime; _builder_version=\u00a0\u00bb4.17.4&Prime; _module_preset=\u00a0\u00bbdefault\u00a0\u00bb global_colors_info=\u00a0\u00bb{}\u00a0\u00bb][et_pb_text _builder_version=\u00a0\u00bb4.17.4&Prime; _module_preset=\u00a0\u00bbdefault\u00a0\u00bb global_colors_info=\u00a0\u00bb{}\u00a0\u00bb]<\/p>\n<h3>Aider Palestiniens et juifs unis (PAJU) en devenant membre<\/h3>\n<p>Depuis plus de vingt ans, nous organisons des vigiles hebdomadaires en solidarit\u00e9 avec la Palestine et rencontrons les gens o\u00f9 ils sont pour leur en parler. Les vigiles se tiennent devant des \u00e9coles et universit\u00e9s, stations de m\u00e9tro, boutiques et durant des f\u00eates de rue et de quartier&#8230; Jusqu&rsquo;\u00e0 pr\u00e9sent, plus de 500 000 d\u00e9pliants ont \u00e9t\u00e9 distribu\u00e9s aux passants!<\/p>\n<p>Pour nous appuyer, vous pouvez devenir membres, participer aux vigiles, faire un don ou toutes ces options en m\u00eame temps. Nous avons h\u00e2te de travailler avec vous!<\/p>\n<p>&nbsp;<\/p>\n<p>[\/et_pb_text][\/et_pb_column][\/et_pb_row][et_pb_row column_structure=\u00a0\u00bb1_3,1_3,1_3&Prime; _builder_version=\u00a0\u00bb4.18.0&Prime; _module_preset=\u00a0\u00bbdefault\u00a0\u00bb global_colors_info=\u00a0\u00bb{}\u00a0\u00bb locked=\u00a0\u00bboff\u00a0\u00bb][et_pb_column type=\u00a0\u00bb1_3&Prime; _builder_version=\u00a0\u00bb4.17.4&Prime; _module_preset=\u00a0\u00bbdefault\u00a0\u00bb global_colors_info=\u00a0\u00bb{}\u00a0\u00bb][et_pb_image src=\u00a0\u00bbhttps:\/\/paju.org\/wp-content\/uploads\/2022\/10\/Week-3-Stop-the-Wall-Photo-1-Palestinian-boy-facing-soldier-in-front-of-Israeli-Apartheid-Wall-Long.jpg\u00a0\u00bb title_text=\u00a0\u00bbWeek-3-Stop-the-Wall-Photo-1-Palestinian-boy-facing-soldier-in-front-of-Israeli-Apartheid-Wall Long\u00a0\u00bb _builder_version=\u00a0\u00bb4.18.0&Prime; _module_preset=\u00a0\u00bbdefault\u00a0\u00bb global_colors_info=\u00a0\u00bb{}\u00a0\u00bb][\/et_pb_image][\/et_pb_column][et_pb_column type=\u00a0\u00bb1_3&Prime; _builder_version=\u00a0\u00bb4.17.4&Prime; _module_preset=\u00a0\u00bbdefault\u00a0\u00bb global_colors_info=\u00a0\u00bb{}\u00a0\u00bb][et_pb_code _builder_version=\u00a0\u00bb4.17.4&Prime; _module_preset=\u00a0\u00bbdefault\u00a0\u00bb text_orientation=\u00a0\u00bbcenter\u00a0\u00bb global_colors_info=\u00a0\u00bb{}\u00a0\u00bb]<script src=\"https:\/\/donorbox.org\/widget.js\" type=\"text\/javascript\"><\/script><iframe src=\"https:\/\/donorbox.org\/embed\/devenir-membre-become-a-member\" width=\"100%\" style=\"max-width:500px; min-width:310px;\" seamless=\"seamless\" id=\"dbox-form-embed\" name=\"donorbox\" frameborder=\"0\" scrolling=\"no\" allowpaymentrequest><\/iframe>[\/et_pb_code][\/et_pb_column][et_pb_column type=\u00a0\u00bb1_3&Prime; _builder_version=\u00a0\u00bb4.17.4&Prime; _module_preset=\u00a0\u00bbdefault\u00a0\u00bb global_colors_info=\u00a0\u00bb{}\u00a0\u00bb][et_pb_code _builder_version=\u00a0\u00bb4.18.0&Prime; _module_preset=\u00a0\u00bbdefault\u00a0\u00bb global_colors_info=\u00a0\u00bb{}\u00a0\u00bb]<script src=\"https:\/\/donorbox.org\/widget.js\" paypalExpress=\"false\"><\/script><iframe loading=\"lazy\" src=\"https:\/\/donorbox.org\/embed\/donat1\" name=\"donorbox\" allowpaymentrequest=\"allowpaymentrequest\" seamless=\"seamless\" frameborder=\"0\" scrolling=\"no\" height=\"100%\" width=\"100%\" style=\"max-width: 500px; min-width: 250px; max-height:none!important\"><\/iframe>[\/et_pb_code][\/et_pb_column][\/et_pb_row][\/et_pb_section][et_pb_section fb_built=\u00a0\u00bb1&Prime; _builder_version=\u00a0\u00bb4.17.4&Prime; _module_preset=\u00a0\u00bbdefault\u00a0\u00bb da_disable_devices=\u00a0\u00bboff|off|off\u00a0\u00bb global_colors_info=\u00a0\u00bb{}\u00a0\u00bb da_is_popup=\u00a0\u00bboff\u00a0\u00bb da_exit_intent=\u00a0\u00bboff\u00a0\u00bb da_has_close=\u00a0\u00bbon\u00a0\u00bb da_alt_close=\u00a0\u00bboff\u00a0\u00bb da_dark_close=\u00a0\u00bboff\u00a0\u00bb da_not_modal=\u00a0\u00bbon\u00a0\u00bb da_is_singular=\u00a0\u00bboff\u00a0\u00bb da_with_loader=\u00a0\u00bboff\u00a0\u00bb da_has_shadow=\u00a0\u00bbon\u00a0\u00bb][et_pb_row _builder_version=\u00a0\u00bb4.17.4&Prime; _module_preset=\u00a0\u00bbdefault\u00a0\u00bb global_colors_info=\u00a0\u00bb{}\u00a0\u00bb][et_pb_column type=\u00a0\u00bb4_4&Prime; _builder_version=\u00a0\u00bb4.17.4&Prime; _module_preset=\u00a0\u00bbdefault\u00a0\u00bb global_colors_info=\u00a0\u00bb{}\u00a0\u00bb][et_pb_blog fullwidth=\u00a0\u00bboff\u00a0\u00bb posts_number=\u00a0\u00bb6&Prime; show_author=\u00a0\u00bboff\u00a0\u00bb show_pagination=\u00a0\u00bboff\u00a0\u00bb _builder_version=\u00a0\u00bb4.17.4&Prime; _module_preset=\u00a0\u00bbdefault\u00a0\u00bb global_colors_info=\u00a0\u00bb{}\u00a0\u00bb][\/et_pb_blog][\/et_pb_column][\/et_pb_row][\/et_pb_section]<\/p>\n","protected":false},"excerpt":{"rendered":"<p>Depuis plus de vingt ans, nous organisons des vigiles hebdomadaires en solidarit\u00e9 avec la Palestine et rencontrons les gens o\u00f9 ils sont pour leur en parler. Les vigiles se tiennent devant des \u00e9coles et universit\u00e9s, stations de m\u00e9tro, boutiques et durant des f\u00eates de rue et de quartier&#8230; Jusqu&rsquo;\u00e0 pr\u00e9sent, plus de 500 000 d\u00e9pliants ont \u00e9t\u00e9 distribu\u00e9s aux passants!<br \/>\nPour nous appuyer, vous pouvez devenir membres, participer aux vigiles, faire un don ou toutes ces options en m\u00eame temps. Nous avons h\u00e2te de travailler avec vous!<\/p>\n","protected":false},"author":3,"featured_media":5115,"parent":0,"menu_order":0,"comment_status":"closed","ping_status":"closed","template":"","meta":{"_acf_changed":false,"_et_pb_use_builder":"on","_et_pb_old_content":"","_et_gb_content_width":"","footnotes":""},"class_list":["post-6206","page","type-page","status-publish","has-post-thumbnail","hentry"],"acf":[],"yoast_head":"<!-- This site is optimized with the Yoast SEO plugin v27.5 - https:\/\/yoast.com\/product\/yoast-seo-wordpress\/ -->\n<title>Devenir membre - PAJU<\/title>\n<meta name=\"robots\" content=\"index, follow, max-snippet:-1, max-image-preview:large, max-video-preview:-1\" \/>\n<link rel=\"canonical\" href=\"https:\/\/paju.org\/fr\/devenir-membre\/\" \/>\n<meta property=\"og:locale\" content=\"fr_FR\" \/>\n<meta property=\"og:type\" content=\"article\" \/>\n<meta property=\"og:title\" content=\"Devenir membre - PAJU\" \/>\n<meta property=\"og:description\" content=\"Depuis plus de vingt ans, nous organisons des vigiles hebdomadaires en solidarit\u00e9 avec la Palestine et rencontrons les gens o\u00f9 ils sont pour leur en parler. Les vigiles se tiennent devant des \u00e9coles et universit\u00e9s, stations de m\u00e9tro, boutiques et durant des f\u00eates de rue et de quartier... Jusqu&#039;\u00e0 pr\u00e9sent, plus de 500 000 d\u00e9pliants ont \u00e9t\u00e9 distribu\u00e9s aux passants! Pour nous appuyer, vous pouvez devenir membres, participer aux vigiles, faire un don ou toutes ces options en m\u00eame temps. Nous avons h\u00e2te de travailler avec vous!\" \/>\n<meta property=\"og:site_name\" content=\"PAJU\" \/>\n<meta property=\"article:publisher\" content=\"https:\/\/www.facebook.com\/pajumontreal\" \/>\n<meta property=\"article:modified_time\" content=\"2023-05-22T13:02:00+00:00\" \/>\n<meta property=\"og:image\" content=\"https:\/\/paju.org\/wp-content\/uploads\/2022\/05\/PAJU-Logo.png\" \/>\n\t<meta property=\"og:image:width\" content=\"696\" \/>\n\t<meta property=\"og:image:height\" content=\"293\" \/>\n\t<meta property=\"og:image:type\" content=\"image\/png\" \/>\n<meta name=\"twitter:card\" content=\"summary_large_image\" \/>\n<meta name=\"twitter:label1\" content=\"Dur\u00e9e de lecture estim\u00e9e\" \/>\n\t<meta name=\"twitter:data1\" content=\"1 minute\" \/>\n<script type=\"application\/ld+json\" class=\"yoast-schema-graph\">{\"@context\":\"https:\\\/\\\/schema.org\",\"@graph\":[{\"@type\":\"WebPage\",\"@id\":\"https:\\\/\\\/paju.org\\\/fr\\\/devenir-membre\\\/\",\"url\":\"https:\\\/\\\/paju.org\\\/fr\\\/devenir-membre\\\/\",\"name\":\"Devenir membre - PAJU\",\"isPartOf\":{\"@id\":\"https:\\\/\\\/paju.org\\\/fr\\\/#website\"},\"primaryImageOfPage\":{\"@id\":\"https:\\\/\\\/paju.org\\\/fr\\\/devenir-membre\\\/#primaryimage\"},\"image\":{\"@id\":\"https:\\\/\\\/paju.org\\\/fr\\\/devenir-membre\\\/#primaryimage\"},\"thumbnailUrl\":\"https:\\\/\\\/paju.org\\\/wp-content\\\/uploads\\\/2022\\\/05\\\/PAJU-Logo.png\",\"datePublished\":\"2022-07-31T19:30:48+00:00\",\"dateModified\":\"2023-05-22T13:02:00+00:00\",\"breadcrumb\":{\"@id\":\"https:\\\/\\\/paju.org\\\/fr\\\/devenir-membre\\\/#breadcrumb\"},\"inLanguage\":\"fr-FR\",\"potentialAction\":[{\"@type\":\"ReadAction\",\"target\":[\"https:\\\/\\\/paju.org\\\/fr\\\/devenir-membre\\\/\"]}]},{\"@type\":\"ImageObject\",\"inLanguage\":\"fr-FR\",\"@id\":\"https:\\\/\\\/paju.org\\\/fr\\\/devenir-membre\\\/#primaryimage\",\"url\":\"https:\\\/\\\/paju.org\\\/wp-content\\\/uploads\\\/2022\\\/05\\\/PAJU-Logo.png\",\"contentUrl\":\"https:\\\/\\\/paju.org\\\/wp-content\\\/uploads\\\/2022\\\/05\\\/PAJU-Logo.png\",\"width\":696,\"height\":293},{\"@type\":\"BreadcrumbList\",\"@id\":\"https:\\\/\\\/paju.org\\\/fr\\\/devenir-membre\\\/#breadcrumb\",\"itemListElement\":[{\"@type\":\"ListItem\",\"position\":1,\"name\":\"Home\",\"item\":\"https:\\\/\\\/paju.org\\\/fr\\\/\"},{\"@type\":\"ListItem\",\"position\":2,\"name\":\"Devenir membre\"}]},{\"@type\":\"WebSite\",\"@id\":\"https:\\\/\\\/paju.org\\\/fr\\\/#website\",\"url\":\"https:\\\/\\\/paju.org\\\/fr\\\/\",\"name\":\"PAJU\",\"description\":\"\",\"publisher\":{\"@id\":\"https:\\\/\\\/paju.org\\\/fr\\\/#organization\"},\"potentialAction\":[{\"@type\":\"SearchAction\",\"target\":{\"@type\":\"EntryPoint\",\"urlTemplate\":\"https:\\\/\\\/paju.org\\\/fr\\\/?s={search_term_string}\"},\"query-input\":{\"@type\":\"PropertyValueSpecification\",\"valueRequired\":true,\"valueName\":\"search_term_string\"}}],\"inLanguage\":\"fr-FR\"},{\"@type\":\"Organization\",\"@id\":\"https:\\\/\\\/paju.org\\\/fr\\\/#organization\",\"name\":\"Palestinian and Jewish Unity\",\"url\":\"https:\\\/\\\/paju.org\\\/fr\\\/\",\"logo\":{\"@type\":\"ImageObject\",\"inLanguage\":\"fr-FR\",\"@id\":\"https:\\\/\\\/paju.org\\\/fr\\\/#\\\/schema\\\/logo\\\/image\\\/\",\"url\":\"https:\\\/\\\/paju.org\\\/wp-content\\\/uploads\\\/PAJU-Logo.png\",\"contentUrl\":\"https:\\\/\\\/paju.org\\\/wp-content\\\/uploads\\\/PAJU-Logo.png\",\"width\":696,\"height\":293,\"caption\":\"Palestinian and Jewish Unity\"},\"image\":{\"@id\":\"https:\\\/\\\/paju.org\\\/fr\\\/#\\\/schema\\\/logo\\\/image\\\/\"},\"sameAs\":[\"https:\\\/\\\/www.facebook.com\\\/pajumontreal\",\"https:\\\/\\\/www.instagram.com\\\/pajumontreal\\\/\"]}]}<\/script>\n<!-- \/ Yoast SEO plugin. -->","yoast_head_json":{"title":"Devenir membre - PAJU","robots":{"index":"index","follow":"follow","max-snippet":"max-snippet:-1","max-image-preview":"max-image-preview:large","max-video-preview":"max-video-preview:-1"},"canonical":"https:\/\/paju.org\/fr\/devenir-membre\/","og_locale":"fr_FR","og_type":"article","og_title":"Devenir membre - PAJU","og_description":"Depuis plus de vingt ans, nous organisons des vigiles hebdomadaires en solidarit\u00e9 avec la Palestine et rencontrons les gens o\u00f9 ils sont pour leur en parler. Les vigiles se tiennent devant des \u00e9coles et universit\u00e9s, stations de m\u00e9tro, boutiques et durant des f\u00eates de rue et de quartier... Jusqu'\u00e0 pr\u00e9sent, plus de 500 000 d\u00e9pliants ont \u00e9t\u00e9 distribu\u00e9s aux passants! Pour nous appuyer, vous pouvez devenir membres, participer aux vigiles, faire un don ou toutes ces options en m\u00eame temps. Nous avons h\u00e2te de travailler avec vous!","og_site_name":"PAJU","article_publisher":"https:\/\/www.facebook.com\/pajumontreal","article_modified_time":"2023-05-22T13:02:00+00:00","og_image":[{"width":696,"height":293,"url":"https:\/\/paju.org\/wp-content\/uploads\/2022\/05\/PAJU-Logo.png","type":"image\/png"}],"twitter_card":"summary_large_image","twitter_misc":{"Dur\u00e9e de lecture estim\u00e9e":"1 minute"},"schema":{"@context":"https:\/\/schema.org","@graph":[{"@type":"WebPage","@id":"https:\/\/paju.org\/fr\/devenir-membre\/","url":"https:\/\/paju.org\/fr\/devenir-membre\/","name":"Devenir membre - PAJU","isPartOf":{"@id":"https:\/\/paju.org\/fr\/#website"},"primaryImageOfPage":{"@id":"https:\/\/paju.org\/fr\/devenir-membre\/#primaryimage"},"image":{"@id":"https:\/\/paju.org\/fr\/devenir-membre\/#primaryimage"},"thumbnailUrl":"https:\/\/paju.org\/wp-content\/uploads\/2022\/05\/PAJU-Logo.png","datePublished":"2022-07-31T19:30:48+00:00","dateModified":"2023-05-22T13:02:00+00:00","breadcrumb":{"@id":"https:\/\/paju.org\/fr\/devenir-membre\/#breadcrumb"},"inLanguage":"fr-FR","potentialAction":[{"@type":"ReadAction","target":["https:\/\/paju.org\/fr\/devenir-membre\/"]}]},{"@type":"ImageObject","inLanguage":"fr-FR","@id":"https:\/\/paju.org\/fr\/devenir-membre\/#primaryimage","url":"https:\/\/paju.org\/wp-content\/uploads\/2022\/05\/PAJU-Logo.png","contentUrl":"https:\/\/paju.org\/wp-content\/uploads\/2022\/05\/PAJU-Logo.png","width":696,"height":293},{"@type":"BreadcrumbList","@id":"https:\/\/paju.org\/fr\/devenir-membre\/#breadcrumb","itemListElement":[{"@type":"ListItem","position":1,"name":"Home","item":"https:\/\/paju.org\/fr\/"},{"@type":"ListItem","position":2,"name":"Devenir membre"}]},{"@type":"WebSite","@id":"https:\/\/paju.org\/fr\/#website","url":"https:\/\/paju.org\/fr\/","name":"PAJU","description":"","publisher":{"@id":"https:\/\/paju.org\/fr\/#organization"},"potentialAction":[{"@type":"SearchAction","target":{"@type":"EntryPoint","urlTemplate":"https:\/\/paju.org\/fr\/?s={search_term_string}"},"query-input":{"@type":"PropertyValueSpecification","valueRequired":true,"valueName":"search_term_string"}}],"inLanguage":"fr-FR"},{"@type":"Organization","@id":"https:\/\/paju.org\/fr\/#organization","name":"Palestinian and Jewish Unity","url":"https:\/\/paju.org\/fr\/","logo":{"@type":"ImageObject","inLanguage":"fr-FR","@id":"https:\/\/paju.org\/fr\/#\/schema\/logo\/image\/","url":"https:\/\/paju.org\/wp-content\/uploads\/PAJU-Logo.png","contentUrl":"https:\/\/paju.org\/wp-content\/uploads\/PAJU-Logo.png","width":696,"height":293,"caption":"Palestinian and Jewish Unity"},"image":{"@id":"https:\/\/paju.org\/fr\/#\/schema\/logo\/image\/"},"sameAs":["https:\/\/www.facebook.com\/pajumontreal","https:\/\/www.instagram.com\/pajumontreal\/"]}]}},"_links":{"self":[{"href":"https:\/\/paju.org\/fr\/wp-json\/wp\/v2\/pages\/6206","targetHints":{"allow":["GET"]}}],"collection":[{"href":"https:\/\/paju.org\/fr\/wp-json\/wp\/v2\/pages"}],"about":[{"href":"https:\/\/paju.org\/fr\/wp-json\/wp\/v2\/types\/page"}],"author":[{"embeddable":true,"href":"https:\/\/paju.org\/fr\/wp-json\/wp\/v2\/users\/3"}],"replies":[{"embeddable":true,"href":"https:\/\/paju.org\/fr\/wp-json\/wp\/v2\/comments?post=6206"}],"version-history":[{"count":3,"href":"https:\/\/paju.org\/fr\/wp-json\/wp\/v2\/pages\/6206\/revisions"}],"predecessor-version":[{"id":248432,"href":"https:\/\/paju.org\/fr\/wp-json\/wp\/v2\/pages\/6206\/revisions\/248432"}],"wp:featuredmedia":[{"embeddable":true,"href":"https:\/\/paju.org\/fr\/wp-json\/wp\/v2\/media\/5115"}],"wp:attachment":[{"href":"https:\/\/paju.org\/fr\/wp-json\/wp\/v2\/media?parent=6206"}],"curies":[{"name":"wp","href":"https:\/\/api.w.org\/{rel}","templated":true}]}}