{"id":4087,"date":"2022-02-27T20:12:40","date_gmt":"2022-02-27T20:12:40","guid":{"rendered":"http:\/\/paju.org\/?page_id=4087"},"modified":"2022-03-03T15:13:10","modified_gmt":"2022-03-03T15:13:10","slug":"chansons-engagees","status":"publish","type":"page","link":"https:\/\/paju.org\/fr\/chansons-engagees\/","title":{"rendered":"Chansons engag\u00e9es"},"content":{"rendered":"\n[et_pb_section fb_built=&#8221;1&#8243; _builder_version=&#8221;4.14.7&#8243; _module_preset=&#8221;default&#8221; background_image=&#8221;http:\/\/paju.org\/wp-content\/uploads\/2022\/02\/Capitaine-Boycott.jpg&#8221; custom_padding=&#8221;||208px|||&#8221; bottom_divider_style=&#8221;triangle&#8221; bottom_divider_color=&#8221;#FFFFFF&#8221; bottom_divider_height=&#8221;35px&#8221; bottom_divider_flip=&#8221;vertical&#8221; hover_enabled=&#8221;0&#8243; global_colors_info=&#8221;{}&#8221; title_text=&#8221;Capitaine-Boycott&#8221; sticky_enabled=&#8221;0&#8243;][et_pb_row _builder_version=&#8221;4.14.5&#8243; _module_preset=&#8221;default&#8221; background_enable_color=&#8221;off&#8221; global_colors_info=&#8221;{}&#8221;][et_pb_column type=&#8221;4_4&#8243; _builder_version=&#8221;4.14.5&#8243; _module_preset=&#8221;default&#8221; global_colors_info=&#8221;{}&#8221;][et_pb_text _builder_version=&#8221;4.14.7&#8243; _module_preset=&#8221;default&#8221; header_font=&#8221;|700||on|||||&#8221; header_text_color=&#8221;#FFFFFF&#8221; header_font_size=&#8221;61px&#8221; transform_scale_tablet=&#8221;&#8221; transform_scale_phone=&#8221;&#8221; transform_scale_last_edited=&#8221;on|desktop&#8221; transform_translate=&#8221;-4px|220px&#8221; transform_translate_tablet=&#8221;-4px|220px&#8221; transform_translate_phone=&#8221;-4px|223px&#8221; transform_translate_last_edited=&#8221;on|phone&#8221; transform_translate_linked=&#8221;off&#8221; transform_rotate_tablet=&#8221;&#8221; transform_rotate_phone=&#8221;&#8221; transform_rotate_last_edited=&#8221;on|desktop&#8221; transform_skew_tablet=&#8221;&#8221; transform_skew_phone=&#8221;&#8221; transform_skew_last_edited=&#8221;on|desktop&#8221; transform_origin_tablet=&#8221;&#8221; transform_origin_phone=&#8221;&#8221; transform_origin_last_edited=&#8221;on|desktop&#8221; transform_styles_last_edited=&#8221;on|phone&#8221; hover_enabled=&#8221;0&#8243; transform_styles_tablet=&#8221;&#8221; transform_styles_phone=&#8221;&#8221; header_text_shadow_style=&#8221;preset1&#8243; header_text_shadow_horizontal_length=&#8221;0.03em&#8221; header_text_shadow_vertical_length=&#8221;-0.1em&#8221; header_text_shadow_blur_strength=&#8221;0.13em&#8221; header_text_shadow_color=&#8221;#000000&#8243; global_colors_info=&#8221;{}&#8221; sticky_enabled=&#8221;0&#8243;]<h1><strong>Chansons engag\u00e9es <\/strong><\/h1>[\/et_pb_text][\/et_pb_column][\/et_pb_row][\/et_pb_section][et_pb_section fb_built=&#8221;1&#8243; _builder_version=&#8221;4.14.5&#8243; _module_preset=&#8221;default&#8221; hover_enabled=&#8221;0&#8243; global_colors_info=&#8221;{}&#8221; sticky_enabled=&#8221;0&#8243;][et_pb_row column_structure=&#8221;3_4,1_4&#8243; _builder_version=&#8221;4.14.5&#8243; _module_preset=&#8221;default&#8221; global_colors_info=&#8221;{}&#8221;][et_pb_column type=&#8221;3_4&#8243; _builder_version=&#8221;4.14.5&#8243; _module_preset=&#8221;default&#8221; global_colors_info=&#8221;{}&#8221;][et_pb_text _builder_version=&#8221;4.14.7&#8243; _module_preset=&#8221;default&#8221; header_2_font=&#8221;|700||on|||||&#8221; hover_enabled=&#8221;0&#8243; global_colors_info=&#8221;{}&#8221; sticky_enabled=&#8221;0&#8243;]<h2><strong>Pourquoi crier votre juste col\u00e8re alors que vous pourriez la chanter avec des chansons engag\u00e9es ?<\/strong><\/h2>\n<p>La musique a toujours eu un lien fort avec les mouvements sociaux et la politique. Au fil du temps, des musicien.ne.s de tous genres ont exprim\u00e9 leur soutien au mouvement anti-raciste et\u00a0 anti-apartheid, contre les guerres et occupations.<\/p>\n<p>Le musicien et Capitaine Boycott du PAJU (alias Bill Sloan) est un avocat \u00e0 la retraite bas\u00e9 \u00e0 Montr\u00e9al qui s&#8217;est sp\u00e9cialis\u00e9 dans les affaires d&#8217;immigration et de r\u00e9fugi\u00e9.e.s.<\/p>\n<p>Il est connu pour sourire parfois, surtout lorsqu&#8217;il participe \u00e0 la ligne de piquetage hebdomadaire du PAJU. Il apporte souvent son banjo et chante des chansons de solidarit\u00e9 pour divertir les passants tout en distribuant des brochures.<\/p>\n<p>Certaines des chansons sont ses originaux. D&#8217;autres offrent une nouvelle po\u00e9sie \u00e0 celles qui existent d\u00e9j\u00e0.<\/p>\n<p>Apprenez les paroles et rejoignez le prochain concert du Capitain Boycott en direct de la rue\u00a0! Surveillez le calendrier du PAJU ici pour savoir quand Capitain Boycott apportera son banjo (indice : \u00e7a arrive en \u00e9t\u00e9 quand ses doigts ne g\u00e8lent pas sur les cordes\u2026)\u00a0!!<\/p>\n<p>&nbsp;<\/p>[\/et_pb_text][\/et_pb_column][et_pb_column type=&#8221;1_4&#8243; _builder_version=&#8221;4.14.5&#8243; _module_preset=&#8221;default&#8221; global_colors_info=&#8221;{}&#8221;][et_pb_image src=&#8221;http:\/\/paju.org\/wp-content\/uploads\/2022\/02\/Capitaine-Boycott.png&#8221; title_text=&#8221;Capitaine Boycott&#8221; _builder_version=&#8221;4.14.7&#8243; _module_preset=&#8221;default&#8221; background_color=&#8221;RGBA(255,255,255,0)&#8221; animation_style=&#8221;fold&#8221; hover_enabled=&#8221;0&#8243; global_colors_info=&#8221;{}&#8221; sticky_enabled=&#8221;0&#8243;][\/et_pb_image][\/et_pb_column][\/et_pb_row][\/et_pb_section][et_pb_section fb_built=&#8221;1&#8243; theme_builder_area=&#8221;post_content&#8221; _builder_version=&#8221;4.14.7&#8243; _module_preset=&#8221;default&#8221; background_color=&#8221;#e5e5e5&#8243; hover_enabled=&#8221;0&#8243; sticky_enabled=&#8221;0&#8243;][et_pb_row _builder_version=&#8221;4.14.7&#8243; _module_preset=&#8221;default&#8221; column_structure=&#8221;3_5,2_5&#8243; theme_builder_area=&#8221;post_content&#8221;][et_pb_column _builder_version=&#8221;4.14.7&#8243; _module_preset=&#8221;default&#8221; type=&#8221;3_5&#8243; theme_builder_area=&#8221;post_content&#8221;][et_pb_video src=&#8221;https:\/\/www.youtube.com\/watch?v=wUiSWth6wxk&#8221; _builder_version=&#8221;4.14.7&#8243; _module_preset=&#8221;default&#8221; theme_builder_area=&#8221;post_content&#8221; hover_enabled=&#8221;0&#8243; sticky_enabled=&#8221;0&#8243;][\/et_pb_video][\/et_pb_column][et_pb_column _builder_version=&#8221;4.14.7&#8243; _module_preset=&#8221;default&#8221; type=&#8221;2_5&#8243; theme_builder_area=&#8221;post_content&#8221;][et_pb_text _builder_version=&#8221;4.14.7&#8243; _module_preset=&#8221;default&#8221; theme_builder_area=&#8221;post_content&#8221; hover_enabled=&#8221;0&#8243; sticky_enabled=&#8221;0&#8243;]<h4>NOEL EN BOYCOTT<br \/>(SUR L\u2019AIRE DE VIVE LE VENT\/JINGLE BELLS)<\/h4>\n<p>Palestine occup\u00e9e<br \/>Apartheid d\u2019Isra\u00ebl<br \/>Protester contre l\u2019injustice<br \/>Dans ce temps de No\u00ebl<\/p>\n<p>La soci\u00e9t\u00e9 civile<br \/>A lanc\u00e9e un appel<br \/>Soyons tous solidaires<br \/>Boycottons Isra\u00ebl.<\/p>\n<p>REFRAIN<\/p>\n<p>On boycotte, on boycotte,<br \/>L\u2019apartheid d\u2019Isra\u00ebl<br \/>On boycotte Le Marcheur<br \/>Dans ce temps de No\u00ebl. (BIS)<\/p>[\/et_pb_text][\/et_pb_column][\/et_pb_row][\/et_pb_section][et_pb_section fb_built=&#8221;1&#8243; theme_builder_area=&#8221;post_content&#8221; _builder_version=&#8221;4.14.7&#8243; _module_preset=&#8221;default&#8221;][et_pb_row _builder_version=&#8221;4.14.7&#8243; _module_preset=&#8221;default&#8221; column_structure=&#8221;2_5,3_5&#8243; theme_builder_area=&#8221;post_content&#8221;][et_pb_column _builder_version=&#8221;4.14.7&#8243; _module_preset=&#8221;default&#8221; type=&#8221;2_5&#8243; theme_builder_area=&#8221;post_content&#8221;][et_pb_text _builder_version=&#8221;4.14.7&#8243; _module_preset=&#8221;default&#8221; hover_enabled=&#8221;0&#8243; sticky_enabled=&#8221;0&#8243; theme_builder_area=&#8221;post_content&#8221;]<h4>MAVI MARMARA<\/h4>\n<p>REFRAIN:<br \/>Quel fut leur crime, dites-moi , quel fut leur<br \/>crime,<br \/>Ces gens assassin\u00e9s en amenant l&#8217;aide en<br \/>Palestine.<br \/>(bis)<\/p>\n<p>Avez vous entendu dire, du navire MARMARA<br \/>Ses marins solidaires avec leurs fr\u00e8res \u00e0 GAZA<br \/>Sous le drapeau d&#8217;la libert\u00e9, de la Flotille qui<br \/>portait l&#8217;aide<br \/>Au lieu des accolades, leur ont tir\u00e9 une balle<br \/>dans t\u00eate.<\/p>\n<p>C&#8217;\u00e9tait un petit navire, qui la mer a navigu\u00e9<br \/>Qui avant de partir les douanes ont v\u00e9rifi\u00e9.<br \/>Des m\u00e9dicaments des jouets pour les enfants<br \/>Juste de l&#8217;aide humanitaire pour leurs soeurs,<br \/>pour leurs fr\u00e8res.<\/p>\n<p>Sur la mer, dans le noir, c&#8217;est la nuit des grands<br \/>espaces.<br \/>Le TSAHAL leur tourne autour comme des<br \/>pirates, comme des voraces.<br \/>Un h\u00e9lico militaire, le commando descend des<br \/>aires.<br \/>En haute mer, un geste de guerre, sur des civiles<br \/>humanitaires.<\/p>\n<p>Voguera, voguera, sur la mer, petit navire<br \/>Vers le blocus Israelien, qu&#8217;un jour on va<br \/>franchir.<br \/>Et les enfants de Gaza gouteront les fruits d&#8217;la<br \/>libert\u00e9<br \/>Quand les navires de la Flotille sur leurs plages<br \/>sont arriv\u00e9s.<\/p>\n<p>Sur les airs de cette version anglaise:<br \/>&#8220;What Was Their Crime?&#8221; Yafa and The Sanity<br \/>Claus sing for Gaza<\/p>[\/et_pb_text][\/et_pb_column][et_pb_column _builder_version=&#8221;4.14.7&#8243; _module_preset=&#8221;default&#8221; type=&#8221;3_5&#8243; theme_builder_area=&#8221;post_content&#8221;][et_pb_video src=&#8221;https:\/\/youtu.be\/2FH0MPe1ods&#8221; _builder_version=&#8221;4.14.7&#8243; _module_preset=&#8221;default&#8221; hover_enabled=&#8221;0&#8243; sticky_enabled=&#8221;0&#8243; theme_builder_area=&#8221;post_content&#8221;][\/et_pb_video][\/et_pb_column][\/et_pb_row][\/et_pb_section][et_pb_section fb_built=&#8221;1&#8243; theme_builder_area=&#8221;post_content&#8221; _builder_version=&#8221;4.14.7&#8243; _module_preset=&#8221;default&#8221; background_color=&#8221;#e5e5e5&#8243; hover_enabled=&#8221;0&#8243; sticky_enabled=&#8221;0&#8243;][et_pb_row _builder_version=&#8221;4.14.7&#8243; _module_preset=&#8221;default&#8221; column_structure=&#8221;1_2,1_2&#8243; theme_builder_area=&#8221;post_content&#8221; hover_enabled=&#8221;0&#8243; sticky_enabled=&#8221;0&#8243;][et_pb_column _builder_version=&#8221;4.14.7&#8243; _module_preset=&#8221;default&#8221; type=&#8221;1_2&#8243; theme_builder_area=&#8221;post_content&#8221;][et_pb_text _builder_version=&#8221;4.14.7&#8243; _module_preset=&#8221;default&#8221; theme_builder_area=&#8221;post_content&#8221; hover_enabled=&#8221;0&#8243; sticky_enabled=&#8221;0&#8243;]<h4>CHANSON POUR AHED<\/h4>\n<p>Derri\u00e8re chez eux ya t\u2019un ruisseau (bis)<br \/>Tout son village y puis son eau.<\/p>\n<p>REFRAIN<br \/>V\u2019l\u00e0 l\u2019bon vent, v\u2019l\u00e0 l\u2019joli vent,<br \/>Le vent d\u2019la libert\u00e9 m\u2019appelle<br \/>V\u2019l\u00e0 l\u2019bon vent, v\u2019l\u00e0 l\u2019joli vent,<br \/>Lib\u00e9rez Tamimi maint\u2019nant.<\/p>\n<p>Tout son village y puis son eau (bis)<br \/>Z\u2019enfants s\u2019y baignent quand y fait chaud.<\/p>\n<p>Z\u2019enfants s\u2019y baignent quand y fait chaud (bis)<br \/>Soldats sont v\u2019nus leur voler l\u2019eau.<\/p>\n<p>Soldats sont v\u2019nus leur voler l\u2019eau (bis)<br \/>Pour les colons qui vivent en haut.<\/p>\n<p>Pour les colons qui vivent en haut (bis)<br \/>Des enfants derri\u00e8re les barreaux.<\/p>\n<p>Des enfants derri\u00e8re les barreaux (bis)<br \/>\u00d4 Israeliens vous \u00eates cruaux.<\/p>\n<p>\u00d4 Israeliens vous \u00eates cruaux (bis)<br \/>Les Tamimi sont des h\u00e9ros.<\/p>[\/et_pb_text][\/et_pb_column][et_pb_column _builder_version=&#8221;4.14.7&#8243; _module_preset=&#8221;default&#8221; type=&#8221;1_2&#8243; theme_builder_area=&#8221;post_content&#8221;][et_pb_text _builder_version=&#8221;4.14.7&#8243; _module_preset=&#8221;default&#8221; theme_builder_area=&#8221;post_content&#8221; hover_enabled=&#8221;0&#8243; sticky_enabled=&#8221;0&#8243;]<h4>PETIT CODERRE<\/h4>\n<p>Denis s\u2019en va-t-en Sainte Terre BIS<br \/>C\u2019est pas pour vend\u2019 du St Hubert BIS<\/p>\n<p>Y va pour faire affaire<br \/>Pour les marchands de guerre<br \/>C\u2019est une honte au t\u2019it\u2019 de maire<br \/>Qu\u2019est devenu not\u2019 Petit Coderre ?<\/p>\n<p>C\u2019est pas pour vend\u2019 du St Hubert BIS<br \/>Qu\u2019il s\u2019en va-t-en Sainte Terre BIS<\/p>\n<p>Y va pour faire affaire<br \/>Pour les marchands de guerre<br \/>C\u2019est une honte au t\u2019it\u2019 de maire<br \/>Qu\u2019est devenu not\u2019 Petit Coderre ?<\/p>\n<p>Il va se mett\u2019 \u00e0 tab\u2019 \u00e0 Ben BIS<br \/>Mais pas pour remplir sa b\u00e9daine BIS<\/p>\n<p>J\u00e9rusalem et Tel Aviv BIS<br \/>\u00c7a commence d\u00e9s qu\u2019il arrive. BIS<\/p>\n<p>Mat\u00e9riel test\u00e9 sur le champ BIS<br \/>Mat\u00e9riel test\u00e9 sur enfant BIS<\/p>\n<p>Les enfants signent des confessions BIS<br \/>La torture m\u00e8ne \u00e0 l\u2019adh\u00e9sion BIS<\/p>\n<p>Des enfants jouant sur la plage BIS<br \/>Cibl\u00e9s par des canons au large BIS<\/p>\n<p>Un ti d\u00e9tour en Palestine BIS<br \/>C\u00e9 pour le look, c\u00e9 pour le spin BIS<\/p>\n<p>Denis tu pars en Israel BIS<br \/>Prends nous pas pour des manches de pelle BIS<\/p>\n<p>Le maire devra se m\u00e9fier d\u2019ceux BIS<br \/>Qui veulent lui faire pomper le noeud BIS<\/p>\n<p>Faut pas s\u2019trouver comme Baird \u2013 e<br \/>Les deux pieds dans la merd \u2013 e<br \/>D\u00e9j\u00e0 une honte \u00e0 t\u2019it\u2019 de maire<br \/>O\u00f9 s\u2019en va not\u2019 Petit Coderre ?<br \/>O\u00f9 s\u2019en va not\u2019 Petit Coderre ?<\/p>[\/et_pb_text][\/et_pb_column][\/et_pb_row][\/et_pb_section]\n","protected":false},"excerpt":{"rendered":"<p>Chansons engag\u00e9es Pourquoi crier votre juste col\u00e8re alors que vous pourriez la chanter avec des chansons engag\u00e9es ? La musique a toujours eu un lien fort avec les mouvements sociaux [&hellip;]<\/p>\n","protected":false},"author":3,"featured_media":0,"parent":0,"menu_order":0,"comment_status":"closed","ping_status":"closed","template":"","meta":{"_acf_changed":false,"_et_pb_use_builder":"on","_et_pb_old_content":"","_et_gb_content_width":"","footnotes":""},"class_list":["post-4087","page","type-page","status-publish","hentry"],"acf":[],"yoast_head":"<!-- This site is optimized with the Yoast SEO plugin v25.8 - https:\/\/yoast.com\/wordpress\/plugins\/seo\/ -->\n<title>Chansons engag\u00e9es - PAJU<\/title>\n<meta name=\"robots\" content=\"index, follow, max-snippet:-1, max-image-preview:large, max-video-preview:-1\" \/>\n<link rel=\"canonical\" href=\"https:\/\/paju.org\/fr\/chansons-engagees\/\" \/>\n<meta property=\"og:locale\" content=\"fr_FR\" \/>\n<meta property=\"og:type\" content=\"article\" \/>\n<meta property=\"og:title\" content=\"Chansons engag\u00e9es - PAJU\" \/>\n<meta property=\"og:description\" content=\"Chansons engag\u00e9es Pourquoi crier votre juste col\u00e8re alors que vous pourriez la chanter avec des chansons engag\u00e9es ? La musique a toujours eu un lien fort avec les mouvements sociaux [&hellip;]\" \/>\n<meta property=\"og:site_name\" content=\"PAJU\" \/>\n<meta property=\"article:publisher\" content=\"https:\/\/www.facebook.com\/pajumontreal\" \/>\n<meta property=\"article:modified_time\" content=\"2022-03-03T15:13:10+00:00\" \/>\n<meta property=\"og:image\" content=\"https:\/\/paju.org\/wp-content\/uploads\/2022\/05\/PAJU-Logo.png\" \/>\n\t<meta property=\"og:image:width\" content=\"696\" \/>\n\t<meta property=\"og:image:height\" content=\"293\" \/>\n\t<meta property=\"og:image:type\" content=\"image\/png\" \/>\n<meta name=\"twitter:card\" content=\"summary_large_image\" \/>\n<meta name=\"twitter:label1\" content=\"Dur\u00e9e de lecture estim\u00e9e\" \/>\n\t<meta name=\"twitter:data1\" content=\"8 minutes\" \/>\n<script type=\"application\/ld+json\" class=\"yoast-schema-graph\">{\"@context\":\"https:\/\/schema.org\",\"@graph\":[{\"@type\":\"WebPage\",\"@id\":\"https:\/\/paju.org\/fr\/chansons-engagees\/\",\"url\":\"https:\/\/paju.org\/fr\/chansons-engagees\/\",\"name\":\"Chansons engag\u00e9es - PAJU\",\"isPartOf\":{\"@id\":\"https:\/\/paju.org\/fr\/#website\"},\"datePublished\":\"2022-02-27T20:12:40+00:00\",\"dateModified\":\"2022-03-03T15:13:10+00:00\",\"breadcrumb\":{\"@id\":\"https:\/\/paju.org\/fr\/chansons-engagees\/#breadcrumb\"},\"inLanguage\":\"fr-FR\",\"potentialAction\":[{\"@type\":\"ReadAction\",\"target\":[\"https:\/\/paju.org\/fr\/chansons-engagees\/\"]}]},{\"@type\":\"BreadcrumbList\",\"@id\":\"https:\/\/paju.org\/fr\/chansons-engagees\/#breadcrumb\",\"itemListElement\":[{\"@type\":\"ListItem\",\"position\":1,\"name\":\"Home\",\"item\":\"https:\/\/paju.org\/fr\/\"},{\"@type\":\"ListItem\",\"position\":2,\"name\":\"Chansons engag\u00e9es\"}]},{\"@type\":\"WebSite\",\"@id\":\"https:\/\/paju.org\/fr\/#website\",\"url\":\"https:\/\/paju.org\/fr\/\",\"name\":\"PAJU\",\"description\":\"\",\"publisher\":{\"@id\":\"https:\/\/paju.org\/fr\/#organization\"},\"potentialAction\":[{\"@type\":\"SearchAction\",\"target\":{\"@type\":\"EntryPoint\",\"urlTemplate\":\"https:\/\/paju.org\/fr\/?s={search_term_string}\"},\"query-input\":{\"@type\":\"PropertyValueSpecification\",\"valueRequired\":true,\"valueName\":\"search_term_string\"}}],\"inLanguage\":\"fr-FR\"},{\"@type\":\"Organization\",\"@id\":\"https:\/\/paju.org\/fr\/#organization\",\"name\":\"Palestinian and Jewish Unity\",\"url\":\"https:\/\/paju.org\/fr\/\",\"logo\":{\"@type\":\"ImageObject\",\"inLanguage\":\"fr-FR\",\"@id\":\"https:\/\/paju.org\/fr\/#\/schema\/logo\/image\/\",\"url\":\"https:\/\/paju.org\/wp-content\/uploads\/PAJU-Logo.png\",\"contentUrl\":\"https:\/\/paju.org\/wp-content\/uploads\/PAJU-Logo.png\",\"width\":696,\"height\":293,\"caption\":\"Palestinian and Jewish Unity\"},\"image\":{\"@id\":\"https:\/\/paju.org\/fr\/#\/schema\/logo\/image\/\"},\"sameAs\":[\"https:\/\/www.facebook.com\/pajumontreal\",\"https:\/\/www.instagram.com\/pajumontreal\/\"]}]}<\/script>\n<!-- \/ Yoast SEO plugin. -->","yoast_head_json":{"title":"Chansons engag\u00e9es - PAJU","robots":{"index":"index","follow":"follow","max-snippet":"max-snippet:-1","max-image-preview":"max-image-preview:large","max-video-preview":"max-video-preview:-1"},"canonical":"https:\/\/paju.org\/fr\/chansons-engagees\/","og_locale":"fr_FR","og_type":"article","og_title":"Chansons engag\u00e9es - PAJU","og_site_name":"PAJU","article_publisher":"https:\/\/www.facebook.com\/pajumontreal","article_modified_time":"2022-03-03T15:13:10+00:00","og_image":[{"width":696,"height":293,"url":"https:\/\/paju.org\/wp-content\/uploads\/2022\/05\/PAJU-Logo.png","type":"image\/png"}],"twitter_card":"summary_large_image","twitter_misc":{"Dur\u00e9e de lecture estim\u00e9e":"8 minutes"},"schema":{"@context":"https:\/\/schema.org","@graph":[{"@type":"WebPage","@id":"https:\/\/paju.org\/fr\/chansons-engagees\/","url":"https:\/\/paju.org\/fr\/chansons-engagees\/","name":"Chansons engag\u00e9es - PAJU","isPartOf":{"@id":"https:\/\/paju.org\/fr\/#website"},"datePublished":"2022-02-27T20:12:40+00:00","dateModified":"2022-03-03T15:13:10+00:00","breadcrumb":{"@id":"https:\/\/paju.org\/fr\/chansons-engagees\/#breadcrumb"},"inLanguage":"fr-FR","potentialAction":[{"@type":"ReadAction","target":["https:\/\/paju.org\/fr\/chansons-engagees\/"]}]},{"@type":"BreadcrumbList","@id":"https:\/\/paju.org\/fr\/chansons-engagees\/#breadcrumb","itemListElement":[{"@type":"ListItem","position":1,"name":"Home","item":"https:\/\/paju.org\/fr\/"},{"@type":"ListItem","position":2,"name":"Chansons engag\u00e9es"}]},{"@type":"WebSite","@id":"https:\/\/paju.org\/fr\/#website","url":"https:\/\/paju.org\/fr\/","name":"PAJU","description":"","publisher":{"@id":"https:\/\/paju.org\/fr\/#organization"},"potentialAction":[{"@type":"SearchAction","target":{"@type":"EntryPoint","urlTemplate":"https:\/\/paju.org\/fr\/?s={search_term_string}"},"query-input":{"@type":"PropertyValueSpecification","valueRequired":true,"valueName":"search_term_string"}}],"inLanguage":"fr-FR"},{"@type":"Organization","@id":"https:\/\/paju.org\/fr\/#organization","name":"Palestinian and Jewish Unity","url":"https:\/\/paju.org\/fr\/","logo":{"@type":"ImageObject","inLanguage":"fr-FR","@id":"https:\/\/paju.org\/fr\/#\/schema\/logo\/image\/","url":"https:\/\/paju.org\/wp-content\/uploads\/PAJU-Logo.png","contentUrl":"https:\/\/paju.org\/wp-content\/uploads\/PAJU-Logo.png","width":696,"height":293,"caption":"Palestinian and Jewish Unity"},"image":{"@id":"https:\/\/paju.org\/fr\/#\/schema\/logo\/image\/"},"sameAs":["https:\/\/www.facebook.com\/pajumontreal","https:\/\/www.instagram.com\/pajumontreal\/"]}]}},"_links":{"self":[{"href":"https:\/\/paju.org\/fr\/wp-json\/wp\/v2\/pages\/4087","targetHints":{"allow":["GET"]}}],"collection":[{"href":"https:\/\/paju.org\/fr\/wp-json\/wp\/v2\/pages"}],"about":[{"href":"https:\/\/paju.org\/fr\/wp-json\/wp\/v2\/types\/page"}],"author":[{"embeddable":true,"href":"https:\/\/paju.org\/fr\/wp-json\/wp\/v2\/users\/3"}],"replies":[{"embeddable":true,"href":"https:\/\/paju.org\/fr\/wp-json\/wp\/v2\/comments?post=4087"}],"version-history":[{"count":5,"href":"https:\/\/paju.org\/fr\/wp-json\/wp\/v2\/pages\/4087\/revisions"}],"predecessor-version":[{"id":4573,"href":"https:\/\/paju.org\/fr\/wp-json\/wp\/v2\/pages\/4087\/revisions\/4573"}],"wp:attachment":[{"href":"https:\/\/paju.org\/fr\/wp-json\/wp\/v2\/media?parent=4087"}],"curies":[{"name":"wp","href":"https:\/\/api.w.org\/{rel}","templated":true}]}}