{"id":4017,"date":"2022-02-27T16:19:36","date_gmt":"2022-02-27T16:19:36","guid":{"rendered":"http:\/\/paju.org\/?page_id=4017"},"modified":"2022-02-27T18:55:21","modified_gmt":"2022-02-27T18:55:21","slug":"les-trois-piliers-de-lapartheid-2","status":"publish","type":"page","link":"https:\/\/paju.org\/fr\/les-trois-piliers-de-lapartheid-2\/","title":{"rendered":"Qu&#8217;est que la campagne BDS ?"},"content":{"rendered":"<p>[et_pb_section fb_built=&#8221;1&#8243; _builder_version=&#8221;4.14.7&#8243; _module_preset=&#8221;default&#8221; background_color=&#8221;RGBA(255,255,255,0)&#8221; background_color_gradient_start=&#8221;rgba(255,255,255,0)&#8221; background_color_gradient_end=&#8221;rgba(255,255,255,0.58)&#8221; background_image=&#8221;http:\/\/paju.org\/wp-content\/uploads\/2022\/02\/Cover-banner.jpg&#8221; custom_padding=&#8221;||208px|||&#8221; bottom_divider_style=&#8221;triangle&#8221; bottom_divider_color=&#8221;#FFFFFF&#8221; bottom_divider_height=&#8221;35px&#8221; bottom_divider_flip=&#8221;vertical&#8221; hover_enabled=&#8221;0&#8243; global_colors_info=&#8221;{}&#8221; title_text=&#8221;Cover banner&#8221; background_position=&#8221;bottom_center&#8221; sticky_enabled=&#8221;0&#8243;][et_pb_row _builder_version=&#8221;4.14.5&#8243; _module_preset=&#8221;default&#8221; background_enable_color=&#8221;off&#8221; global_colors_info=&#8221;{}&#8221;][et_pb_column type=&#8221;4_4&#8243; _builder_version=&#8221;4.14.5&#8243; _module_preset=&#8221;default&#8221; global_colors_info=&#8221;{}&#8221;][et_pb_text _builder_version=&#8221;4.14.7&#8243; _module_preset=&#8221;default&#8221; header_font=&#8221;|700||on|||||&#8221; header_text_color=&#8221;#FFFFFF&#8221; header_font_size=&#8221;61px&#8221; transform_scale_tablet=&#8221;&#8221; transform_scale_phone=&#8221;&#8221; transform_scale_last_edited=&#8221;on|desktop&#8221; transform_translate=&#8221;-4px|222px&#8221; transform_translate_tablet=&#8221;-4px|224px&#8221; transform_translate_phone=&#8221;-4px|223px&#8221; transform_translate_last_edited=&#8221;on|phone&#8221; transform_translate_linked=&#8221;off&#8221; transform_rotate_tablet=&#8221;&#8221; transform_rotate_phone=&#8221;&#8221; transform_rotate_last_edited=&#8221;on|desktop&#8221; transform_skew_tablet=&#8221;&#8221; transform_skew_phone=&#8221;&#8221; transform_skew_last_edited=&#8221;on|desktop&#8221; transform_origin_tablet=&#8221;&#8221; transform_origin_phone=&#8221;&#8221; transform_origin_last_edited=&#8221;on|desktop&#8221; transform_styles_last_edited=&#8221;on|phone&#8221; header_font_size_tablet=&#8221;61px&#8221; header_font_size_phone=&#8221;45px&#8221; header_font_size_last_edited=&#8221;on|tablet&#8221; transform_styles_tablet=&#8221;&#8221; transform_styles_phone=&#8221;&#8221; header_text_shadow_style=&#8221;preset1&#8243; header_text_shadow_horizontal_length=&#8221;0.03em&#8221; header_text_shadow_vertical_length=&#8221;-0.1em&#8221; header_text_shadow_blur_strength=&#8221;0.13em&#8221; header_text_shadow_color=&#8221;#000000&#8243; global_colors_info=&#8221;{}&#8221;]<\/p>\n<h1 class=\"entry-title\">Qu&#8217;est que<\/h1>\n<h1 class=\"entry-title\">la campagne BDS ?<\/h1>\n<p>[\/et_pb_text][\/et_pb_column][\/et_pb_row][\/et_pb_section][et_pb_section fb_built=&#8221;1&#8243; _builder_version=&#8221;4.14.5&#8243; _module_preset=&#8221;default&#8221; global_colors_info=&#8221;{}&#8221;][et_pb_row column_structure=&#8221;1_4,3_4&#8243; _builder_version=&#8221;4.14.7&#8243; _module_preset=&#8221;default&#8221; global_colors_info=&#8221;{}&#8221;][et_pb_column type=&#8221;1_4&#8243; _builder_version=&#8221;4.14.5&#8243; _module_preset=&#8221;default&#8221; global_colors_info=&#8221;{}&#8221;][et_pb_text _builder_version=&#8221;4.14.7&#8243; _module_preset=&#8221;default&#8221; header_font=&#8221;|700|||||||&#8221; header_text_align=&#8221;center&#8221; header_text_color=&#8221;#FFFFFF&#8221; header_font_size=&#8221;93px&#8221; background_color=&#8221;gcid-214e0e65-01c8-4331-8d1f-d05ce7317214&#8243; width=&#8221;115px&#8221; max_width=&#8221;115px&#8221; max_width_tablet=&#8221;115px&#8221; max_width_phone=&#8221;115px&#8221; max_width_last_edited=&#8221;on|desktop&#8221; module_alignment=&#8221;center&#8221; custom_padding=&#8221;8px||0px||false|false&#8221; border_radii=&#8221;on|148px|148px|148px|148px&#8221; global_colors_info=&#8221;{%22gcid-214e0e65-01c8-4331-8d1f-d05ce7317214%22:%91%22background_color%22%93}&#8221;]<\/p>\n<h1>B<\/h1>\n<p>[\/et_pb_text][\/et_pb_column][et_pb_column type=&#8221;3_4&#8243; _builder_version=&#8221;4.14.5&#8243; _module_preset=&#8221;default&#8221; global_colors_info=&#8221;{}&#8221;][et_pb_text _builder_version=&#8221;4.14.7&#8243; _module_preset=&#8221;default&#8221; ol_font=&#8221;|700|||||||&#8221; header_2_font=&#8221;|700||on|||||&#8221; header_5_text_color=&#8221;gcid-0563fe38-e960-4219-8746-a2d7ab84c86b&#8221; global_colors_info=&#8221;{%22gcid-0563fe38-e960-4219-8746-a2d7ab84c86b%22:%91%22header_5_text_color%22%93}&#8221;]<\/p>\n<h1>B POUR BOYCOTT<\/h1>\n<p>Le boycott \u00e9conomique, par exemple, est un moyen d\u2019action pacifique utilis\u00e9 depuis tr\u00e8s longtemps par les mouvements syndicaux et populaires. Il consiste \u00e0 ne pas acheter des produits de consommation ou autres pour forcer un pays, ou une compagnie \u00e0 respecter les droits et agir en toute justice. On se souviendra du boycott des raisins de Californie, du Journal de Montr\u00e9al et bien s\u00fbr de celui de l\u2019Afrique du Sud au temps de l\u2019apartheid.<\/p>\n<p>Il existe plusieurs types de boycott :<\/p>\n<h3>Boycott des produits de consommation isra\u00e9liens.<\/h3>\n<p>Il y a plein de produits isra\u00e9liens sur les tablettes de nos magasins : souliers, vins, produits de beaut\u00e9, m\u00e9dicaments, jouets, etc.<\/p>\n<p>NE LES ACHETONS PAS ! DEMANDONS AUX PROPRI\u00c9TAIRES de les retirer de leurs tablettes;<\/p>\n<p>PARTICIPONS aux actions d\u00e9j\u00e0 organis\u00e9es par diff\u00e9rents groupes.<\/p>\n<p>ORGANISONS des campagnes, des piquetages, des actions \u00e9clair visant \u00e0 cibler un produit particulier.<\/p>\n<p>La campagne BDS en France a r\u00e9ussi \u00e0 mettre KO la Cie isra\u00e9lienne Agrexco qui commercialisait 70% des fruits et l\u00e9gumes venant des colonies.<\/p>\n<h3>Boycott culturel<\/h3>\n<p>Le boycott culturel vise la strat\u00e9gie isra\u00e9lienne de promotion de l\u2019image de marque internationale d\u2019Isra\u00ebl \u00e0 travers les arts (musique, cin\u00e9ma, etc.).<\/p>\n<p>INVITONS NOS ARTISTES \u00e0 appuyer officiellement la campagne BDS : au Qu\u00e9bec, 500 artistes l\u2019ont d\u00e9j\u00e0 fait dont Gilles Vigneault, Richard Desjardins, Paul Ahmarami. Ailleurs dans le monde des centaines d\u2019artistes appuient la campagne BDS dont Dustin Hoffman, Ken Loach, Mankell, Costello, Walker, Galeano.<\/p>\n<p>INVITONS NOS ARTISTES \u00e0 refuser d\u2019aller donner des spectacles en Isra\u00ebl.<\/p>\n<h3>Boycott acad\u00e9mique<\/h3>\n<p>Ce boycott vise les institutions isra\u00e9liennes d\u2019enseignement ou de recherche en vue de d\u00e9noncer et combattre leur complicit\u00e9 avec l\u2019apartheid isra\u00e9lien. Il vise les institutions universitaires qui s\u2019installent dans les colonies (ex : la colonie d\u2019Ariel implant\u00e9e en Cirjordanie occup\u00e9e a re\u00e7u un statut universitaire en 2012) Il ne vise pas les universitaires ou intellectuels individuellement. Mais cette action invite \u00e0 ne plus \u00eatre \u00ab juste des intellectuels, mais des intellectuels justes \u00bb (Omar Barghouti, artiste et philosophe palestinien, co- initiateur de la campagne BDS)<\/p>\n<p>DEMANDONS aux professeur-e-s et aux \u00e9tudiant-e-s et \u00e0 leurs associations d\u2019appuyer la campagne BDS.<\/p>\n<p>SOUTENONS l\u2019appel de milliers d\u2019\u00e9tudiants et d\u2019\u00e9tudiantes exigeant que leurs universit\u00e9s mettent fin \u00e0 leur programme d\u2019\u00e9change avec des universit\u00e9s ou instituts isra\u00e9liens. Par exemple, des \u00e9tudiant-e-s de McGill et Concordia demandent \u00e0 leurs universit\u00e9s de mettre fin \u00e0 leurs relations avec l\u2019Institut universitaire isra\u00e9lien de technologie, Technion, impliqu\u00e9 dans un partenariat structurel avec Elbit Systems Ltd., une compagnie isra\u00e9lienne qui construit des \u00e9quipements militaires et de surveillance utilis\u00e9s dans les territoires occup\u00e9s et le maintien du Mur.<\/p>\n<h3>Boycott sportif<\/h3>\n<p>DEMANDONS aux athl\u00e8tes d\u2019appuyer la campagne BDS et d\u2019inviter leur association ou club \u00e0 ne pas se rendre en Isra\u00ebl;<\/p>\n<p>APPUYONS les joueurs de soccer palestiniens emprisonn\u00e9s par Isra\u00ebl et plac\u00e9s en d\u00e9tention \u00ab administrative \u00bb depuis plus d\u2019un an;<\/p>\n<p>SUIVONS l\u2019exemple des militantEs fran\u00e7ais qui ont occup\u00e9 les bureaux de la F\u00e9d\u00e9ration europ\u00e9enne de football amateur avec le \u00ab Carton rouge pour l\u2019apartheid isra\u00e9lien \u00bb et qui lui demandent de revenir sur sa d\u00e9cision d\u2019accorder \u00e0 Isra\u00ebl le privil\u00e8ge d\u2019accueillir les phases finales du championnat d\u2019Europe des moins de 21 ans.<\/p>\n<h3>Boycott des armements<\/h3>\n<p>Isra\u00ebl est un grand producteur d\u2019armes et de mat\u00e9riel technologique au service de l\u2019industrie militaire.<\/p>\n<p>DEMANDONS au Centre d\u2019excellence sur les drones de l\u2019a\u00e9roport d\u2019Alma de refuser la venue du drone Dominator de la compagnie isra\u00e9lienne Aeronautics : ces drones sont utilis\u00e9s par l\u2019arm\u00e9e isra\u00e9lienne pour contr\u00f4ler la population palestinienne et commettre des assassinats cibl\u00e9s.<\/p>\n<p>&nbsp;<\/p>\n<p>[\/et_pb_text][\/et_pb_column][\/et_pb_row][\/et_pb_section][et_pb_section fb_built=&#8221;1&#8243; _builder_version=&#8221;4.14.7&#8243; _module_preset=&#8221;default&#8221; background_color=&#8221;#e8e8e8&#8243; global_colors_info=&#8221;{}&#8221;][et_pb_row column_structure=&#8221;1_4,3_4&#8243; _builder_version=&#8221;4.14.7&#8243; _module_preset=&#8221;default&#8221; global_colors_info=&#8221;{}&#8221;][et_pb_column type=&#8221;1_4&#8243; _builder_version=&#8221;4.14.5&#8243; _module_preset=&#8221;default&#8221; global_colors_info=&#8221;{}&#8221;][et_pb_text _builder_version=&#8221;4.14.7&#8243; _module_preset=&#8221;default&#8221; header_font=&#8221;|700|||||||&#8221; header_text_align=&#8221;center&#8221; header_text_color=&#8221;#FFFFFF&#8221; header_font_size=&#8221;93px&#8221; background_color=&#8221;gcid-214e0e65-01c8-4331-8d1f-d05ce7317214&#8243; width=&#8221;115px&#8221; max_width=&#8221;115px&#8221; max_width_tablet=&#8221;115px&#8221; max_width_phone=&#8221;115px&#8221; max_width_last_edited=&#8221;on|desktop&#8221; module_alignment=&#8221;center&#8221; custom_padding=&#8221;8px||0px||false|false&#8221; border_radii=&#8221;on|148px|148px|148px|148px&#8221; global_colors_info=&#8221;{%22gcid-214e0e65-01c8-4331-8d1f-d05ce7317214%22:%91%22background_color%22%93}&#8221;]<\/p>\n<h1>D<\/h1>\n<p>[\/et_pb_text][\/et_pb_column][et_pb_column type=&#8221;3_4&#8243; _builder_version=&#8221;4.14.5&#8243; _module_preset=&#8221;default&#8221; global_colors_info=&#8221;{}&#8221;][et_pb_text _builder_version=&#8221;4.14.7&#8243; _module_preset=&#8221;default&#8221; ol_font=&#8221;|700|||||||&#8221; header_2_font=&#8221;|700||on|||||&#8221; header_5_text_color=&#8221;gcid-0563fe38-e960-4219-8746-a2d7ab84c86b&#8221; global_colors_info=&#8221;{%22gcid-0563fe38-e960-4219-8746-a2d7ab84c86b%22:%91%22header_5_text_color%22%93}&#8221;]<\/p>\n<h1>D POUR D\u00c9SINVESTISSEMENTS<\/h1>\n<p>Le d\u00e9sinvestissement consiste \u00e0 faire pression sur l\u2019\u00e9conomie isra\u00e9lienne en mettant fin aux investissements dans des entreprises isra\u00e9liennes qui soutiennent l\u2019occupation, la colonisation et l\u2019apartheid isra\u00e9lien et qui en profitent. Un site isra\u00e9lien identifie tr\u00e8s clairement ce qu\u2019il nomme \u00ab l\u2019industrie isra\u00e9lienne de l\u2019occupation \u00bb (voir www.whoprofits.org).<\/p>\n<p>SURVEILLONS nos fonds de pension et EXIGEONS des dirigeants de ces fonds qu\u2019ils refusent d\u2019investir dans des entreprises isra\u00e9liennes.<\/p>\n<p>Un exemple \u00e0 suivre : Le Norwegian Government Pension Fund \u2013 Global. Ce fonds de pension a annonc\u00e9 qu\u2019il n\u2019investira plus ses capitaux (estim\u00e9s \u00e0 4.5 millions de dollars) dans la soci\u00e9t\u00e9 isra\u00e9lienne Elbit. Motif \u00e9voqu\u00e9 : le g\u00e9ant \u00e9lectronique Elbit Systems Ltd a fourni du mat\u00e9riel \u00e9lectronique \u00e0 la \u00ab barri\u00e8re de s\u00e9paration \u00bb qui a \u00e9t\u00e9 \u00e9rig\u00e9e entre Isra\u00ebl et la Cisjordanie. Or la barri\u00e8re a \u00e9t\u00e9 d\u00e9cr\u00e9t\u00e9e ill\u00e9gale par le Tribunal international de La Haye. Le ministre norv\u00e9gien des Finances, Kristin Halvorsen, a approuv\u00e9 la d\u00e9cision prise par le comit\u00e9 d\u2019Ethique du fonds de pension ; il a affirm\u00e9 que son gouvernement \u00ab ne financera pas des soci\u00e9t\u00e9s qui contribuent directement \u00e0 bafouer les droits de l\u2019homme\u2026 \u00bb.<\/p>\n<p>&nbsp;<\/p>\n<p>[\/et_pb_text][\/et_pb_column][\/et_pb_row][\/et_pb_section][et_pb_section fb_built=&#8221;1&#8243; _builder_version=&#8221;4.14.7&#8243; _module_preset=&#8221;default&#8221; background_color=&#8221;RGBA(255,255,255,0)&#8221; global_colors_info=&#8221;{}&#8221;][et_pb_row column_structure=&#8221;1_4,3_4&#8243; _builder_version=&#8221;4.14.7&#8243; _module_preset=&#8221;default&#8221; global_colors_info=&#8221;{}&#8221;][et_pb_column type=&#8221;1_4&#8243; _builder_version=&#8221;4.14.5&#8243; _module_preset=&#8221;default&#8221; global_colors_info=&#8221;{}&#8221;][et_pb_text _builder_version=&#8221;4.14.7&#8243; _module_preset=&#8221;default&#8221; header_font=&#8221;|700|||||||&#8221; header_text_align=&#8221;center&#8221; header_text_color=&#8221;#FFFFFF&#8221; header_font_size=&#8221;93px&#8221; background_color=&#8221;gcid-214e0e65-01c8-4331-8d1f-d05ce7317214&#8243; width=&#8221;115px&#8221; max_width=&#8221;115px&#8221; max_width_tablet=&#8221;115px&#8221; max_width_phone=&#8221;115px&#8221; max_width_last_edited=&#8221;on|desktop&#8221; module_alignment=&#8221;center&#8221; custom_padding=&#8221;8px||0px||false|false&#8221; border_radii=&#8221;on|148px|148px|148px|148px&#8221; global_colors_info=&#8221;{%22gcid-214e0e65-01c8-4331-8d1f-d05ce7317214%22:%91%22background_color%22%93}&#8221;]<\/p>\n<h1>S<\/h1>\n<p>[\/et_pb_text][\/et_pb_column][et_pb_column type=&#8221;3_4&#8243; _builder_version=&#8221;4.14.5&#8243; _module_preset=&#8221;default&#8221; global_colors_info=&#8221;{}&#8221;][et_pb_text _builder_version=&#8221;4.14.7&#8243; _module_preset=&#8221;default&#8221; ol_font=&#8221;|700|||||||&#8221; header_2_font=&#8221;|700||on|||||&#8221; header_5_text_color=&#8221;gcid-0563fe38-e960-4219-8746-a2d7ab84c86b&#8221; global_colors_info=&#8221;{%22gcid-0563fe38-e960-4219-8746-a2d7ab84c86b%22:%91%22header_5_text_color%22%93}&#8221;]<\/p>\n<h1>S POUR SANCTIONS<\/h1>\n<p><strong><em>Le gouvernement canadien<\/em><\/strong> est devenu \u00ab le plus grand alli\u00e9 et complice d\u2019Isra\u00ebl \u00bb\u2026. au monde:<\/p>\n<ul>\n<li>en coupant l\u2019aide \u00e0 l\u2019Autorit\u00e9 palestinienne et \u00e0 l\u2019Agence des Nations Unies pour les r\u00e9fugi\u00e9es palestiniens dans la foul\u00e9e des agressions isra\u00e9liennes contre GAZA en 2009;<\/li>\n<li>en signant des accords de libre \u00e9change et de recherche et d\u00e9veloppement industriel, des initiatives en mati\u00e8re de d\u00e9fense et de partage d\u2019information entre les deux pays;<\/li>\n<li>en contribuant pour 5 M$ \u00e0 un nouveau fonds Canada-Isra\u00ebl pour la science et la technologie;<br \/>en \u00e9liminant les tarifs douaniers sur tous les produits manufactur\u00e9s au Canada et en Isra\u00ebl;<\/li>\n<li>en r\u00e9duisant les frais sur un nombre important de produits agricoles et de p\u00eache;<\/li>\n<li>en augmentant globalement le commerce avec Isra\u00ebl \u00e0 1,4 milliards $ soit le double depuis 1996;<\/li>\n<li>en appuyant de fa\u00e7on syst\u00e9matique, automatique et inconditionnelle toutes les positions du gouvernement isra\u00e9lien.<\/li>\n<\/ul>\n<p>Le gouvernement qu\u00e9b\u00e9cois a une entente avec l\u2019\u00c9tat d\u2019Isra\u00ebl, depuis avril 1997, dans les domaines de la science, des technologies, de la culture et de l\u2019\u00e9ducation. Cette entente a \u00e9t\u00e9 renouvel\u00e9e en 2007. Une entente compl\u00e9mentaire a \u00e9t\u00e9 sign\u00e9e en 2008 et permettra de mieux soutenir les collaborations entre les entreprises du Qu\u00e9bec et d\u2019Isra\u00ebl, entre autres dans les domaines des biotechnologies, de l\u2019a\u00e9rospatiale, des technologies de l\u2019information et des communications, de l\u2019environnement et des services.<\/p>\n<blockquote>\n<p>\u00ab Isra\u00ebl et le Qu\u00e9bec entretiennent des liens solides qui reposent sur une vision et des objectifs communs : la promotion de notre savoir-faire, de notre culture et de notre langue. La pr\u00e9sence dynamique d\u2019une communaut\u00e9 juive de 93 000 personnes au Qu\u00e9bec consolide cette relation. Par la signature de cette entente compl\u00e9mentaire, le Qu\u00e9bec r\u00e9it\u00e8re l\u2019attachement qu\u2019il porte \u00e0 Isra\u00ebl et son souhait d\u2019une collaboration plus \u00e9troite dans le futur. Le mod\u00e8le \u00e9conomique d\u2019Isra\u00ebl est un exemple d\u2019appui \u00e0 l\u2019entrepreneuriat et \u00e0 la croissance des entreprises. Je suis tr\u00e8s heureux de participer \u00e0 la signature d\u2019une entente d\u2019importance pour nos deux \u00e9conomies \u00bb,Raymond Bachand, ex-ministre des finances du gouvernement qu\u00e9b\u00e9cois..<\/p>\n<p>&nbsp;<\/p>\n<\/blockquote>\n<h4>FAISONS DES PRESSIONS pour que le Canada et le Qu\u00e9bec :<\/h4>\n<ul>\n<li>\u00ab g\u00e8lent \u00bb tout accord commercial, culturel, scientifique ou autre avec Isra\u00ebl ;<\/li>\n<li>interdisent toute importation des produits en provenance des colonies install\u00e9es en territoire palestinien occup\u00e9;<\/li>\n<li>appuient toute initiative visant \u00e0 condamner Isra\u00ebl pour ses violations du droit international et des droits des palestiniens.<\/li>\n<\/ul>\n<p>&nbsp;<\/p>\n<p>[\/et_pb_text][\/et_pb_column][\/et_pb_row][\/et_pb_section]<\/p>\n","protected":false},"excerpt":{"rendered":"<p>Qu&#8217;est que la campagne BDS ?BB POUR BOYCOTT Le boycott \u00e9conomique, par exemple, est un moyen d\u2019action pacifique utilis\u00e9 depuis tr\u00e8s longtemps par les mouvements syndicaux et populaires. Il consiste [&hellip;]<\/p>\n","protected":false},"author":3,"featured_media":0,"parent":0,"menu_order":0,"comment_status":"closed","ping_status":"closed","template":"","meta":{"_acf_changed":false,"_et_pb_use_builder":"on","_et_pb_old_content":"","_et_gb_content_width":"","footnotes":""},"class_list":["post-4017","page","type-page","status-publish","hentry"],"acf":[],"yoast_head":"<!-- This site is optimized with the Yoast SEO plugin v25.8 - https:\/\/yoast.com\/wordpress\/plugins\/seo\/ -->\n<title>Qu&#039;est que la campagne BDS ? - PAJU<\/title>\n<meta name=\"robots\" content=\"index, follow, max-snippet:-1, max-image-preview:large, max-video-preview:-1\" \/>\n<link rel=\"canonical\" href=\"https:\/\/paju.org\/fr\/les-trois-piliers-de-lapartheid-2\/\" \/>\n<meta property=\"og:locale\" content=\"fr_FR\" \/>\n<meta property=\"og:type\" content=\"article\" \/>\n<meta property=\"og:title\" content=\"Qu&#039;est que la campagne BDS ? - PAJU\" \/>\n<meta property=\"og:description\" content=\"Qu&#039;est que la campagne BDS ?BB POUR BOYCOTT Le boycott \u00e9conomique, par exemple, est un moyen d\u2019action pacifique utilis\u00e9 depuis tr\u00e8s longtemps par les mouvements syndicaux et populaires. Il consiste [&hellip;]\" \/>\n<meta property=\"og:site_name\" content=\"PAJU\" \/>\n<meta property=\"article:publisher\" content=\"https:\/\/www.facebook.com\/pajumontreal\" \/>\n<meta property=\"article:modified_time\" content=\"2022-02-27T18:55:21+00:00\" \/>\n<meta property=\"og:image\" content=\"https:\/\/paju.org\/wp-content\/uploads\/2022\/05\/PAJU-Logo.png\" \/>\n\t<meta property=\"og:image:width\" content=\"696\" \/>\n\t<meta property=\"og:image:height\" content=\"293\" \/>\n\t<meta property=\"og:image:type\" content=\"image\/png\" \/>\n<meta name=\"twitter:card\" content=\"summary_large_image\" \/>\n<meta name=\"twitter:label1\" content=\"Dur\u00e9e de lecture estim\u00e9e\" \/>\n\t<meta name=\"twitter:data1\" content=\"11 minutes\" \/>\n<script type=\"application\/ld+json\" class=\"yoast-schema-graph\">{\"@context\":\"https:\/\/schema.org\",\"@graph\":[{\"@type\":\"WebPage\",\"@id\":\"https:\/\/paju.org\/fr\/les-trois-piliers-de-lapartheid-2\/\",\"url\":\"https:\/\/paju.org\/fr\/les-trois-piliers-de-lapartheid-2\/\",\"name\":\"Qu'est que la campagne BDS ? - PAJU\",\"isPartOf\":{\"@id\":\"https:\/\/paju.org\/fr\/#website\"},\"datePublished\":\"2022-02-27T16:19:36+00:00\",\"dateModified\":\"2022-02-27T18:55:21+00:00\",\"breadcrumb\":{\"@id\":\"https:\/\/paju.org\/fr\/les-trois-piliers-de-lapartheid-2\/#breadcrumb\"},\"inLanguage\":\"fr-FR\",\"potentialAction\":[{\"@type\":\"ReadAction\",\"target\":[\"https:\/\/paju.org\/fr\/les-trois-piliers-de-lapartheid-2\/\"]}]},{\"@type\":\"BreadcrumbList\",\"@id\":\"https:\/\/paju.org\/fr\/les-trois-piliers-de-lapartheid-2\/#breadcrumb\",\"itemListElement\":[{\"@type\":\"ListItem\",\"position\":1,\"name\":\"Home\",\"item\":\"https:\/\/paju.org\/fr\/\"},{\"@type\":\"ListItem\",\"position\":2,\"name\":\"Qu&#8217;est que la campagne BDS ?\"}]},{\"@type\":\"WebSite\",\"@id\":\"https:\/\/paju.org\/fr\/#website\",\"url\":\"https:\/\/paju.org\/fr\/\",\"name\":\"PAJU\",\"description\":\"\",\"publisher\":{\"@id\":\"https:\/\/paju.org\/fr\/#organization\"},\"potentialAction\":[{\"@type\":\"SearchAction\",\"target\":{\"@type\":\"EntryPoint\",\"urlTemplate\":\"https:\/\/paju.org\/fr\/?s={search_term_string}\"},\"query-input\":{\"@type\":\"PropertyValueSpecification\",\"valueRequired\":true,\"valueName\":\"search_term_string\"}}],\"inLanguage\":\"fr-FR\"},{\"@type\":\"Organization\",\"@id\":\"https:\/\/paju.org\/fr\/#organization\",\"name\":\"Palestinian and Jewish Unity\",\"url\":\"https:\/\/paju.org\/fr\/\",\"logo\":{\"@type\":\"ImageObject\",\"inLanguage\":\"fr-FR\",\"@id\":\"https:\/\/paju.org\/fr\/#\/schema\/logo\/image\/\",\"url\":\"https:\/\/paju.org\/wp-content\/uploads\/PAJU-Logo.png\",\"contentUrl\":\"https:\/\/paju.org\/wp-content\/uploads\/PAJU-Logo.png\",\"width\":696,\"height\":293,\"caption\":\"Palestinian and Jewish Unity\"},\"image\":{\"@id\":\"https:\/\/paju.org\/fr\/#\/schema\/logo\/image\/\"},\"sameAs\":[\"https:\/\/www.facebook.com\/pajumontreal\",\"https:\/\/www.instagram.com\/pajumontreal\/\"]}]}<\/script>\n<!-- \/ Yoast SEO plugin. -->","yoast_head_json":{"title":"Qu'est que la campagne BDS ? - PAJU","robots":{"index":"index","follow":"follow","max-snippet":"max-snippet:-1","max-image-preview":"max-image-preview:large","max-video-preview":"max-video-preview:-1"},"canonical":"https:\/\/paju.org\/fr\/les-trois-piliers-de-lapartheid-2\/","og_locale":"fr_FR","og_type":"article","og_title":"Qu'est que la campagne BDS ? - PAJU","og_site_name":"PAJU","article_publisher":"https:\/\/www.facebook.com\/pajumontreal","article_modified_time":"2022-02-27T18:55:21+00:00","og_image":[{"width":696,"height":293,"url":"https:\/\/paju.org\/wp-content\/uploads\/2022\/05\/PAJU-Logo.png","type":"image\/png"}],"twitter_card":"summary_large_image","twitter_misc":{"Dur\u00e9e de lecture estim\u00e9e":"11 minutes"},"schema":{"@context":"https:\/\/schema.org","@graph":[{"@type":"WebPage","@id":"https:\/\/paju.org\/fr\/les-trois-piliers-de-lapartheid-2\/","url":"https:\/\/paju.org\/fr\/les-trois-piliers-de-lapartheid-2\/","name":"Qu'est que la campagne BDS ? - PAJU","isPartOf":{"@id":"https:\/\/paju.org\/fr\/#website"},"datePublished":"2022-02-27T16:19:36+00:00","dateModified":"2022-02-27T18:55:21+00:00","breadcrumb":{"@id":"https:\/\/paju.org\/fr\/les-trois-piliers-de-lapartheid-2\/#breadcrumb"},"inLanguage":"fr-FR","potentialAction":[{"@type":"ReadAction","target":["https:\/\/paju.org\/fr\/les-trois-piliers-de-lapartheid-2\/"]}]},{"@type":"BreadcrumbList","@id":"https:\/\/paju.org\/fr\/les-trois-piliers-de-lapartheid-2\/#breadcrumb","itemListElement":[{"@type":"ListItem","position":1,"name":"Home","item":"https:\/\/paju.org\/fr\/"},{"@type":"ListItem","position":2,"name":"Qu&#8217;est que la campagne BDS ?"}]},{"@type":"WebSite","@id":"https:\/\/paju.org\/fr\/#website","url":"https:\/\/paju.org\/fr\/","name":"PAJU","description":"","publisher":{"@id":"https:\/\/paju.org\/fr\/#organization"},"potentialAction":[{"@type":"SearchAction","target":{"@type":"EntryPoint","urlTemplate":"https:\/\/paju.org\/fr\/?s={search_term_string}"},"query-input":{"@type":"PropertyValueSpecification","valueRequired":true,"valueName":"search_term_string"}}],"inLanguage":"fr-FR"},{"@type":"Organization","@id":"https:\/\/paju.org\/fr\/#organization","name":"Palestinian and Jewish Unity","url":"https:\/\/paju.org\/fr\/","logo":{"@type":"ImageObject","inLanguage":"fr-FR","@id":"https:\/\/paju.org\/fr\/#\/schema\/logo\/image\/","url":"https:\/\/paju.org\/wp-content\/uploads\/PAJU-Logo.png","contentUrl":"https:\/\/paju.org\/wp-content\/uploads\/PAJU-Logo.png","width":696,"height":293,"caption":"Palestinian and Jewish Unity"},"image":{"@id":"https:\/\/paju.org\/fr\/#\/schema\/logo\/image\/"},"sameAs":["https:\/\/www.facebook.com\/pajumontreal","https:\/\/www.instagram.com\/pajumontreal\/"]}]}},"_links":{"self":[{"href":"https:\/\/paju.org\/fr\/wp-json\/wp\/v2\/pages\/4017","targetHints":{"allow":["GET"]}}],"collection":[{"href":"https:\/\/paju.org\/fr\/wp-json\/wp\/v2\/pages"}],"about":[{"href":"https:\/\/paju.org\/fr\/wp-json\/wp\/v2\/types\/page"}],"author":[{"embeddable":true,"href":"https:\/\/paju.org\/fr\/wp-json\/wp\/v2\/users\/3"}],"replies":[{"embeddable":true,"href":"https:\/\/paju.org\/fr\/wp-json\/wp\/v2\/comments?post=4017"}],"version-history":[{"count":13,"href":"https:\/\/paju.org\/fr\/wp-json\/wp\/v2\/pages\/4017\/revisions"}],"predecessor-version":[{"id":4047,"href":"https:\/\/paju.org\/fr\/wp-json\/wp\/v2\/pages\/4017\/revisions\/4047"}],"wp:attachment":[{"href":"https:\/\/paju.org\/fr\/wp-json\/wp\/v2\/media?parent=4017"}],"curies":[{"name":"wp","href":"https:\/\/api.w.org\/{rel}","templated":true}]}}