{"id":3919,"date":"2022-02-23T18:56:11","date_gmt":"2022-02-23T18:56:11","guid":{"rendered":"http:\/\/paju.org\/?page_id=3919"},"modified":"2022-03-01T19:59:25","modified_gmt":"2022-03-01T19:59:25","slug":"les-trois-piliers-de-lapartheid","status":"publish","type":"page","link":"https:\/\/paju.org\/fr\/les-trois-piliers-de-lapartheid\/","title":{"rendered":"Les trois piliers de l&#8217;APARTHEID"},"content":{"rendered":"<p>[et_pb_section fb_built=&#8221;1&#8243; _builder_version=&#8221;4.14.7&#8243; _module_preset=&#8221;default&#8221; background_color=&#8221;gcid-115d7223-4228-4201-bb4e-22132c547f3c&#8221; background_image=&#8221;http:\/\/paju.org\/wp-content\/uploads\/2022\/03\/apartheid-Banner-big.jpg&#8221; background_position=&#8221;bottom_center&#8221; custom_padding=&#8221;||208px|||&#8221; bottom_divider_style=&#8221;triangle&#8221; bottom_divider_color=&#8221;#FFFFFF&#8221; bottom_divider_height=&#8221;35px&#8221; bottom_divider_flip=&#8221;vertical&#8221; da_disable_devices=&#8221;off|off|off&#8221; global_colors_info=&#8221;{%22gcid-115d7223-4228-4201-bb4e-22132c547f3c%22:%91%22background_color%22%93}&#8221; da_is_popup=&#8221;off&#8221; da_exit_intent=&#8221;off&#8221; da_has_close=&#8221;on&#8221; da_alt_close=&#8221;off&#8221; da_dark_close=&#8221;off&#8221; da_not_modal=&#8221;on&#8221; da_is_singular=&#8221;off&#8221; da_with_loader=&#8221;off&#8221; da_has_shadow=&#8221;on&#8221;][et_pb_row _builder_version=&#8221;4.14.5&#8243; _module_preset=&#8221;default&#8221; background_enable_color=&#8221;off&#8221; global_colors_info=&#8221;{}&#8221;][et_pb_column type=&#8221;4_4&#8243; _builder_version=&#8221;4.14.5&#8243; _module_preset=&#8221;default&#8221; global_colors_info=&#8221;{}&#8221;][et_pb_text _builder_version=&#8221;4.14.7&#8243; _module_preset=&#8221;default&#8221; header_font=&#8221;|700||on|||||&#8221; header_text_color=&#8221;#FFFFFF&#8221; header_font_size=&#8221;61px&#8221; transform_scale_tablet=&#8221;&#8221; transform_scale_phone=&#8221;&#8221; transform_scale_last_edited=&#8221;on|desktop&#8221; transform_translate=&#8221;-4px|220px&#8221; transform_translate_tablet=&#8221;-4px|224px&#8221; transform_translate_phone=&#8221;-4px|223px&#8221; transform_translate_last_edited=&#8221;on|desktop&#8221; transform_translate_linked=&#8221;off&#8221; transform_rotate_tablet=&#8221;&#8221; transform_rotate_phone=&#8221;&#8221; transform_rotate_last_edited=&#8221;on|desktop&#8221; transform_skew_tablet=&#8221;&#8221; transform_skew_phone=&#8221;&#8221; transform_skew_last_edited=&#8221;on|desktop&#8221; transform_origin_tablet=&#8221;&#8221; transform_origin_phone=&#8221;&#8221; transform_origin_last_edited=&#8221;on|desktop&#8221; transform_styles_last_edited=&#8221;on|desktop&#8221; header_font_size_tablet=&#8221;61px&#8221; header_font_size_phone=&#8221;45px&#8221; header_font_size_last_edited=&#8221;on|tablet&#8221; transform_styles_tablet=&#8221;&#8221; transform_styles_phone=&#8221;&#8221; header_text_shadow_style=&#8221;preset1&#8243; header_text_shadow_horizontal_length=&#8221;0.03em&#8221; header_text_shadow_vertical_length=&#8221;-0.1em&#8221; header_text_shadow_blur_strength=&#8221;0.13em&#8221; header_text_shadow_color=&#8221;#000000&#8243; global_colors_info=&#8221;{}&#8221;]<\/p>\n<h1 class=\"entry-title\">Les trois piliers de l&#8217;APARTHEID<\/h1>\n<p>[\/et_pb_text][\/et_pb_column][\/et_pb_row][\/et_pb_section][et_pb_section fb_built=&#8221;1&#8243; _builder_version=&#8221;4.14.5&#8243; _module_preset=&#8221;default&#8221; da_disable_devices=&#8221;off|off|off&#8221; global_colors_info=&#8221;{}&#8221; da_is_popup=&#8221;off&#8221; da_exit_intent=&#8221;off&#8221; da_has_close=&#8221;on&#8221; da_alt_close=&#8221;off&#8221; da_dark_close=&#8221;off&#8221; da_not_modal=&#8221;on&#8221; da_is_singular=&#8221;off&#8221; da_with_loader=&#8221;off&#8221; da_has_shadow=&#8221;on&#8221;][et_pb_row column_structure=&#8221;3_4,1_4&#8243; _builder_version=&#8221;4.14.5&#8243; _module_preset=&#8221;default&#8221; global_colors_info=&#8221;{}&#8221;][et_pb_column type=&#8221;3_4&#8243; _builder_version=&#8221;4.14.5&#8243; _module_preset=&#8221;default&#8221; global_colors_info=&#8221;{}&#8221;][et_pb_text _builder_version=&#8221;4.14.7&#8243; _module_preset=&#8221;default&#8221; ol_font=&#8221;|700|||||||&#8221; header_2_font=&#8221;|700||on|||||&#8221; header_5_text_color=&#8221;gcid-0563fe38-e960-4219-8746-a2d7ab84c86b&#8221; global_colors_info=&#8221;{%22gcid-0563fe38-e960-4219-8746-a2d7ab84c86b%22:%91%22header_5_text_color%22%93}&#8221;]<\/p>\n<p><strong>Rappelons qu\u2019Isra\u00ebl a \u00e9t\u00e9 le seul pays \u00e0 maintenir son appui inconditionnel, \u00e9conomique et militaire entre autres, au r\u00e9gime d\u2019apartheid sud-africain pendant plus de 30 ans y compris quand l\u2019ONU a pris la d\u00e9cision d\u2019infliger des sanctions \u00e0 ce r\u00e9gime en 1984. Est-il \u00e9tonnant qu\u2019Isra\u00ebl pratique aujourd\u2019hui des politiques similaires envers la population palestinienne ?<\/strong><\/p>\n<h4>1. Droits diff\u00e9rents pour populations diff\u00e9rentes<\/h4>\n<p>En Afrique du Sud, il y avait des droits diff\u00e9rents pour les Blancs et pour les Noirs. Dans le cas d\u2019Isra\u00ebl, il y a des droits diff\u00e9rents ou \u00e0 g\u00e9om\u00e9trie variable pour les Juifs et pour les non-Juifs. Par exemple :<\/p>\n<ul>\n<li>la Loi du Retour de 1950 permet \u00e0 toute personne juive d\u2019immigrer en Isra\u00ebl sans obstacle et de se voir accorder imm\u00e9diatement la citoyennet\u00e9. Les PalestinienNEs n\u2019y ont pas droit m\u00eame si eux, leurs parents ou leurs grands-parents vivaient sur cette m\u00eame terre;<\/li>\n<li>la Loi sur l\u2019unification des familles adopt\u00e9e le 31 juillet 2003, interdit aux PalestinienNEs des territoires occup\u00e9s d\u2019obtenir, par mariage avec unE citoyenNE isra\u00e9lienNE , la citoyennet\u00e9 ou m\u00eame un droit de r\u00e9sidence temporaire ce qui force entre autres nombre de citoyens isra\u00e9liens palestiniens soit \u00e0 quitter Isra\u00ebl ou \u00e0 se s\u00e9parer de leurs conjoints et de leurs enfants vivant en Cisjordanie ou \u00e0 Gaza. Cette l\u00e9gislation a \u00e9t\u00e9 condamn\u00e9e par le Comit\u00e9 des droits de l\u2019Homme de l\u2019ONU (6 ao\u00fbt 2003) et le Comit\u00e9 pour l\u2019\u00e9limination de la discrimination raciale (14 ao\u00fbt 2003 et 14 juin 2007);<\/li>\n<li>les citoyens palestiniens d\u2019Isra\u00ebl doivent porter une carte d\u2019identit\u00e9 les d\u00e9signant comme \u00ab non juifs \u00bb par le biais d\u2019un num\u00e9ro et par la fa\u00e7on dont la date de naissance y est inscrite.<\/li>\n<\/ul>\n<h4>2. Acc\u00e8s discriminatoire \u00e0 la terre et s\u00e9paration dans des zones g\u00e9ographiques diff\u00e9rentes.<\/h4>\n<p>En Afrique du Sud, 87% des terres \u00e9taient r\u00e9serv\u00e9es aux Blancs et le reste aux Noirs. Les Noirs vivaient dans des bantoustans, sorte de r\u00e9serves o\u00f9 ils \u00e9taient priv\u00e9s de droits et devenaient des \u00e9trangers dans leur propre pays. Les Noirs devaient poss\u00e9der des droits de passage \u00e9mis par le gouvernement pour se d\u00e9placer mais pouvaient utiliser les m\u00eames routes que les Blancs.<\/p>\n<p>&nbsp;<\/p>\n<h5 style=\"padding-left: 40px;\">\u00c0 l\u2019int\u00e9rieur des fronti\u00e8res d\u2019Isra\u00ebl :<\/h5>\n<ul>\n<li>93 % des terres sont r\u00e9serv\u00e9es \u00e0 l\u2019usage exclusif des Juifs. Les non-Juifs n\u2019y ont pas acc\u00e8s; ils ne peuvent ni en acheter ni en louer;<\/li>\n<li>la Cour supr\u00eame isra\u00e9lienne a rendu des d\u00e9cisions selon lesquelles les Palestiniens ne peuvent vivre sur des \u00abterres juives\u00bb;<\/li>\n<li>il y a iniquit\u00e9s dans les services et l\u2019aide au d\u00e9veloppement, non reconnaissance ou destruction syst\u00e9matique de villages palestiniens en particulier de villages arabes b\u00e9doins pour faire face \u00e0 la \u00ab crise du logement \u00bb des Isra\u00e9liens et Isra\u00e9liennes.<\/li>\n<\/ul>\n<h5 style=\"padding-left: 40px;\">Dans les territoires occup\u00e9s :<\/h5>\n<ul>\n<li>confiscation syst\u00e9matique des terres palestiniennes pour l\u2019usage exclusif de citoyens juifs, par la force par un ensemble de dispositifs administratifs et l\u00e9gislatifs (dont la Loi sur la propri\u00e9t\u00e9 des Absents de 1950) et par une politique de \u00ab faits accomplis \u00bb sur le terrain: construction de colonies juives, empi\u00e8tement par le Mur de s\u00e9paration; contr\u00f4le des nappes phr\u00e9atiques (eau);<\/li>\n<li>construction d\u2019un syst\u00e8me de routes qui relie les colonies juives entre elles et avec Isra\u00ebl mais strictement interdites aux Palestiniens et Palestiniennes qui doivent emprunter des routes s\u00e9par\u00e9es ou passant en-dessous des routes isra\u00e9liennes de mani\u00e8re \u00e0 ce que Palestiniens et Isra\u00e9liens ne se rencontrent jamais;<\/li>\n<li>Interdiction pour les Palestiniens et Palestiniennes de construire une maison ou de r\u00e9parer la leur \u00e0 J\u00e9rusalem-est annex\u00e9; confiscation de maisons palestiniennes au profit de colons juifs;<\/li>\n<li>blocus implacable impos\u00e9 aux habitants de Gaza qui vivent s\u00e9par\u00e9s non seulement des autres membres de leur peuple mais du monde entier; il leur est interdit d\u2019en sortir et il est interdit d\u2019y entrer (sauf depuis peu et par l\u2019\u00c9gypte mais au compte-gouttes);<\/li>\n<li>\u00ab bantoustanisation \u00bb de la Cisjordanie : les Palestiniens et Palestiniennes vivent dans des bantoustans qui n\u2019ont plus aucune contig\u00fcit\u00e9 territoriale entre eux; leurs d\u00e9placements sont limit\u00e9s par le Mur, soumis \u00e0 l\u2019obtention de permis d\u00e9livr\u00e9s arbitrairement par les autorit\u00e9s militaires et s\u00e9v\u00e8rement contr\u00f4l\u00e9s par un syst\u00e8me tr\u00e8s \u00e9labor\u00e9 de postes de contr\u00f4le. L\u2019ONU en a r\u00e9pertori\u00e9 634 en mai 2009.<\/li>\n<\/ul>\n<h3>3.Contr\u00f4le total de la population palestinienne et r\u00e9pression militaire.<\/h3>\n<p>En Afrique du Sud, la population noire \u00e9tait soumise \u00e0 une importante r\u00e9pression dans les ghettos : interdiction et r\u00e9pression violente de toute manifestation m\u00eame pacifique contre l\u2019apartheid, amendes, emprisonnements arbitraires, torture. Dans les territoires occup\u00e9s, la violence militaire isra\u00e9lienne contre les Palestiniennes et Palestiniens est comparable sinon pire, selon plusieurs experts : soumission \u00e0 la loi martiale isra\u00e9lienne; r\u00e9pression violente de manifestations pacifiques (ex : le village de Bill\u2019In ); assassinats cibl\u00e9s et ex\u00e9cutions extra-judiciaires de militants et militantes; d\u00e9molition de maison, destruction d\u2019oliveraies, confiscation de biens, irruptions arbitraires de soldats la nuit dans des maisons palestiniennes; d\u00e9tentions administratives et pr\u00e9ventives (plus de 12,000 prisonniers et prisonni\u00e8res dont 500 enfants), mauvais traitements et torture; imposition r\u00e9guli\u00e8re de couvre-feu; fermetures fr\u00e9quentes d\u2019universit\u00e9s; atteintes \u00e0 la vie et \u00e0 la sant\u00e9 des femmes (par ex : entre 2000 et 2006, 68 femmes palestiniennes ont accouch\u00e9 aux postes de contr\u00f4le avec comme r\u00e9sultat la mort de 33 b\u00e9b\u00e9s et de 4 femmes. En Isra\u00ebl, les citoyens et citoyennes d\u2019origine palestinienne sont trait\u00e9s comme des citoyens de seconde zone : in\u00e9galit\u00e9s syst\u00e9miques et discriminations entre autres dans l\u2019acc\u00e8s aux services (sant\u00e9, \u00e9ducation), aux programmes, aux subventions, aux emplois, \u00e0 la syndicalisation. L\u2019ex-Archev\u00eaque d\u2019Afrique du Sud, Mgr Desmond Tutu, a d\u00e9clar\u00e9 : \u00ab Je me suis rendu dans les Territoires Palestiniens Occup\u00e9s, et j\u2019y ai \u00e9t\u00e9 le t\u00e9moin de s\u00e9gr\u00e9gation raciale dans le r\u00e9seau routier et le logement qui m\u2019a rappel\u00e9 tellement de choses que nous avons v\u00e9cues en Afrique du Sud lorsque nous vivions dans un r\u00e9gime raciste d\u2019apartheid \u00bb (The Guardian, 2002). Isra\u00ebl viole ainsi la Convention internationale sur l\u2019\u00e9limination et la r\u00e9pression du crime d\u2019apartheid (1973) (\u2026) d\u00e9fini comme\u2026.\u00ab un syst\u00e8me de s\u00e9gr\u00e9gation et de discrimination avec l\u2019intention d\u2019\u00e9tablir et de maintenir la domination d\u2019un groupe racial de personnes sur un autre groupe racial de personnes et d\u2019opprimer syst\u00e9matiquement celui-ci \u00bb<\/p>\n<p>Vous en doutez ? La documentation d\u00e9montrant qu\u2019Isra\u00ebl pratique l\u2019apartheid est abondante. Consultez les avis de juristes et les d\u00e9lib\u00e9rations du Tribunal Russell sur la Palestine qui a examin\u00e9 la situation pendant les quatre derni\u00e8res ann\u00e9es et conclut ses travaux en demandant entre autres (\u2026) la convocation d\u2019une s\u00e9ance sp\u00e9ciale de l\u2019Assembl\u00e9e g\u00e9n\u00e9rale des Nations Unies au sujet de l\u2019apartheid isra\u00e9lien (Communiqu\u00e9 du 19 mars 2013). Consultez les analyses de deux auteurs l\u2019un am\u00e9ricain et l\u2019autre isra\u00e9lien : Jimmy Carter, ex-pr\u00e9sident des \u00c9tats-Unis, Peace not Apartheid, (2006) Simon &amp; Schuster Paperbacks et David A. Kirshbaum du Israel Law Resource Center, Israeli Apartheid. A Legal Perspective (2007). Consultez The Israeli Information Center for Human Rights in the Occupied Territories (www.btselem.org) en particulier leur rapport sur East: Jerusalem: Policy of Discrimination in Planning, Building and Expropriation.<\/p>\n<p>&nbsp;<\/p>\n<p>[\/et_pb_text][\/et_pb_column][et_pb_column type=&#8221;1_4&#8243; _builder_version=&#8221;4.14.5&#8243; _module_preset=&#8221;default&#8221; global_colors_info=&#8221;{}&#8221;][et_pb_image src=&#8221;http:\/\/paju.org\/wp-content\/uploads\/2022\/03\/Al-Nakba-Poster2013.jpg&#8221; title_text=&#8221;Al Nakba Poster2013&#8243; _builder_version=&#8221;4.14.7&#8243; _module_preset=&#8221;default&#8221; background_color=&#8221;RGBA(255,255,255,0)&#8221; animation_style=&#8221;bounce&#8221; animation_direction=&#8221;right&#8221; hover_enabled=&#8221;0&#8243; global_colors_info=&#8221;{}&#8221; sticky_enabled=&#8221;0&#8243;][\/et_pb_image][\/et_pb_column][\/et_pb_row][\/et_pb_section]<\/p>\n","protected":false},"excerpt":{"rendered":"<p>Les trois piliers de l&#8217;APARTHEIDRappelons qu\u2019Isra\u00ebl a \u00e9t\u00e9 le seul pays \u00e0 maintenir son appui inconditionnel, \u00e9conomique et militaire entre autres, au r\u00e9gime d\u2019apartheid sud-africain pendant plus de 30 ans [&hellip;]<\/p>\n","protected":false},"author":3,"featured_media":0,"parent":0,"menu_order":0,"comment_status":"closed","ping_status":"closed","template":"","meta":{"_acf_changed":false,"_et_pb_use_builder":"on","_et_pb_old_content":"","_et_gb_content_width":"","footnotes":""},"class_list":["post-3919","page","type-page","status-publish","hentry"],"acf":[],"yoast_head":"<!-- This site is optimized with the Yoast SEO plugin v25.8 - https:\/\/yoast.com\/wordpress\/plugins\/seo\/ -->\n<title>Les trois piliers de l&#039;APARTHEID - PAJU<\/title>\n<meta name=\"robots\" content=\"index, follow, max-snippet:-1, max-image-preview:large, max-video-preview:-1\" \/>\n<link rel=\"canonical\" href=\"https:\/\/paju.org\/fr\/les-trois-piliers-de-lapartheid\/\" \/>\n<meta property=\"og:locale\" content=\"fr_FR\" \/>\n<meta property=\"og:type\" content=\"article\" \/>\n<meta property=\"og:title\" content=\"Les trois piliers de l&#039;APARTHEID - PAJU\" \/>\n<meta property=\"og:description\" content=\"Les trois piliers de l&#039;APARTHEIDRappelons qu\u2019Isra\u00ebl a \u00e9t\u00e9 le seul pays \u00e0 maintenir son appui inconditionnel, \u00e9conomique et militaire entre autres, au r\u00e9gime d\u2019apartheid sud-africain pendant plus de 30 ans [&hellip;]\" \/>\n<meta property=\"og:site_name\" content=\"PAJU\" \/>\n<meta property=\"article:publisher\" content=\"https:\/\/www.facebook.com\/pajumontreal\" \/>\n<meta property=\"article:modified_time\" content=\"2022-03-01T19:59:25+00:00\" \/>\n<meta property=\"og:image\" content=\"https:\/\/paju.org\/wp-content\/uploads\/2022\/05\/PAJU-Logo.png\" \/>\n\t<meta property=\"og:image:width\" content=\"696\" \/>\n\t<meta property=\"og:image:height\" content=\"293\" \/>\n\t<meta property=\"og:image:type\" content=\"image\/png\" \/>\n<meta name=\"twitter:card\" content=\"summary_large_image\" \/>\n<meta name=\"twitter:label1\" content=\"Dur\u00e9e de lecture estim\u00e9e\" \/>\n\t<meta name=\"twitter:data1\" content=\"9 minutes\" \/>\n<script type=\"application\/ld+json\" class=\"yoast-schema-graph\">{\"@context\":\"https:\/\/schema.org\",\"@graph\":[{\"@type\":\"WebPage\",\"@id\":\"https:\/\/paju.org\/fr\/les-trois-piliers-de-lapartheid\/\",\"url\":\"https:\/\/paju.org\/fr\/les-trois-piliers-de-lapartheid\/\",\"name\":\"Les trois piliers de l'APARTHEID - PAJU\",\"isPartOf\":{\"@id\":\"https:\/\/paju.org\/fr\/#website\"},\"datePublished\":\"2022-02-23T18:56:11+00:00\",\"dateModified\":\"2022-03-01T19:59:25+00:00\",\"breadcrumb\":{\"@id\":\"https:\/\/paju.org\/fr\/les-trois-piliers-de-lapartheid\/#breadcrumb\"},\"inLanguage\":\"fr-FR\",\"potentialAction\":[{\"@type\":\"ReadAction\",\"target\":[\"https:\/\/paju.org\/fr\/les-trois-piliers-de-lapartheid\/\"]}]},{\"@type\":\"BreadcrumbList\",\"@id\":\"https:\/\/paju.org\/fr\/les-trois-piliers-de-lapartheid\/#breadcrumb\",\"itemListElement\":[{\"@type\":\"ListItem\",\"position\":1,\"name\":\"Home\",\"item\":\"https:\/\/paju.org\/fr\/\"},{\"@type\":\"ListItem\",\"position\":2,\"name\":\"Les trois piliers de l&#8217;APARTHEID\"}]},{\"@type\":\"WebSite\",\"@id\":\"https:\/\/paju.org\/fr\/#website\",\"url\":\"https:\/\/paju.org\/fr\/\",\"name\":\"PAJU\",\"description\":\"\",\"publisher\":{\"@id\":\"https:\/\/paju.org\/fr\/#organization\"},\"potentialAction\":[{\"@type\":\"SearchAction\",\"target\":{\"@type\":\"EntryPoint\",\"urlTemplate\":\"https:\/\/paju.org\/fr\/?s={search_term_string}\"},\"query-input\":{\"@type\":\"PropertyValueSpecification\",\"valueRequired\":true,\"valueName\":\"search_term_string\"}}],\"inLanguage\":\"fr-FR\"},{\"@type\":\"Organization\",\"@id\":\"https:\/\/paju.org\/fr\/#organization\",\"name\":\"Palestinian and Jewish Unity\",\"url\":\"https:\/\/paju.org\/fr\/\",\"logo\":{\"@type\":\"ImageObject\",\"inLanguage\":\"fr-FR\",\"@id\":\"https:\/\/paju.org\/fr\/#\/schema\/logo\/image\/\",\"url\":\"https:\/\/paju.org\/wp-content\/uploads\/PAJU-Logo.png\",\"contentUrl\":\"https:\/\/paju.org\/wp-content\/uploads\/PAJU-Logo.png\",\"width\":696,\"height\":293,\"caption\":\"Palestinian and Jewish Unity\"},\"image\":{\"@id\":\"https:\/\/paju.org\/fr\/#\/schema\/logo\/image\/\"},\"sameAs\":[\"https:\/\/www.facebook.com\/pajumontreal\",\"https:\/\/www.instagram.com\/pajumontreal\/\"]}]}<\/script>\n<!-- \/ Yoast SEO plugin. -->","yoast_head_json":{"title":"Les trois piliers de l'APARTHEID - PAJU","robots":{"index":"index","follow":"follow","max-snippet":"max-snippet:-1","max-image-preview":"max-image-preview:large","max-video-preview":"max-video-preview:-1"},"canonical":"https:\/\/paju.org\/fr\/les-trois-piliers-de-lapartheid\/","og_locale":"fr_FR","og_type":"article","og_title":"Les trois piliers de l'APARTHEID - PAJU","og_site_name":"PAJU","article_publisher":"https:\/\/www.facebook.com\/pajumontreal","article_modified_time":"2022-03-01T19:59:25+00:00","og_image":[{"width":696,"height":293,"url":"https:\/\/paju.org\/wp-content\/uploads\/2022\/05\/PAJU-Logo.png","type":"image\/png"}],"twitter_card":"summary_large_image","twitter_misc":{"Dur\u00e9e de lecture estim\u00e9e":"9 minutes"},"schema":{"@context":"https:\/\/schema.org","@graph":[{"@type":"WebPage","@id":"https:\/\/paju.org\/fr\/les-trois-piliers-de-lapartheid\/","url":"https:\/\/paju.org\/fr\/les-trois-piliers-de-lapartheid\/","name":"Les trois piliers de l'APARTHEID - PAJU","isPartOf":{"@id":"https:\/\/paju.org\/fr\/#website"},"datePublished":"2022-02-23T18:56:11+00:00","dateModified":"2022-03-01T19:59:25+00:00","breadcrumb":{"@id":"https:\/\/paju.org\/fr\/les-trois-piliers-de-lapartheid\/#breadcrumb"},"inLanguage":"fr-FR","potentialAction":[{"@type":"ReadAction","target":["https:\/\/paju.org\/fr\/les-trois-piliers-de-lapartheid\/"]}]},{"@type":"BreadcrumbList","@id":"https:\/\/paju.org\/fr\/les-trois-piliers-de-lapartheid\/#breadcrumb","itemListElement":[{"@type":"ListItem","position":1,"name":"Home","item":"https:\/\/paju.org\/fr\/"},{"@type":"ListItem","position":2,"name":"Les trois piliers de l&#8217;APARTHEID"}]},{"@type":"WebSite","@id":"https:\/\/paju.org\/fr\/#website","url":"https:\/\/paju.org\/fr\/","name":"PAJU","description":"","publisher":{"@id":"https:\/\/paju.org\/fr\/#organization"},"potentialAction":[{"@type":"SearchAction","target":{"@type":"EntryPoint","urlTemplate":"https:\/\/paju.org\/fr\/?s={search_term_string}"},"query-input":{"@type":"PropertyValueSpecification","valueRequired":true,"valueName":"search_term_string"}}],"inLanguage":"fr-FR"},{"@type":"Organization","@id":"https:\/\/paju.org\/fr\/#organization","name":"Palestinian and Jewish Unity","url":"https:\/\/paju.org\/fr\/","logo":{"@type":"ImageObject","inLanguage":"fr-FR","@id":"https:\/\/paju.org\/fr\/#\/schema\/logo\/image\/","url":"https:\/\/paju.org\/wp-content\/uploads\/PAJU-Logo.png","contentUrl":"https:\/\/paju.org\/wp-content\/uploads\/PAJU-Logo.png","width":696,"height":293,"caption":"Palestinian and Jewish Unity"},"image":{"@id":"https:\/\/paju.org\/fr\/#\/schema\/logo\/image\/"},"sameAs":["https:\/\/www.facebook.com\/pajumontreal","https:\/\/www.instagram.com\/pajumontreal\/"]}]}},"_links":{"self":[{"href":"https:\/\/paju.org\/fr\/wp-json\/wp\/v2\/pages\/3919","targetHints":{"allow":["GET"]}}],"collection":[{"href":"https:\/\/paju.org\/fr\/wp-json\/wp\/v2\/pages"}],"about":[{"href":"https:\/\/paju.org\/fr\/wp-json\/wp\/v2\/types\/page"}],"author":[{"embeddable":true,"href":"https:\/\/paju.org\/fr\/wp-json\/wp\/v2\/users\/3"}],"replies":[{"embeddable":true,"href":"https:\/\/paju.org\/fr\/wp-json\/wp\/v2\/comments?post=3919"}],"version-history":[{"count":4,"href":"https:\/\/paju.org\/fr\/wp-json\/wp\/v2\/pages\/3919\/revisions"}],"predecessor-version":[{"id":4280,"href":"https:\/\/paju.org\/fr\/wp-json\/wp\/v2\/pages\/3919\/revisions\/4280"}],"wp:attachment":[{"href":"https:\/\/paju.org\/fr\/wp-json\/wp\/v2\/media?parent=3919"}],"curies":[{"name":"wp","href":"https:\/\/api.w.org\/{rel}","templated":true}]}}