{"id":3480,"date":"2022-01-31T20:22:23","date_gmt":"2022-01-31T20:22:23","guid":{"rendered":"http:\/\/paju.org\/?page_id=3480"},"modified":"2023-04-23T11:03:24","modified_gmt":"2023-04-23T15:03:24","slug":"qui-sommes-nous-2","status":"publish","type":"page","link":"https:\/\/paju.org\/fr\/qui-sommes-nous-2\/","title":{"rendered":"Qui sommes-nous ?"},"content":{"rendered":"<p>[et_pb_section fb_built=\u00a0\u00bb1&Prime; _builder_version=\u00a0\u00bb4.16&Prime; _module_preset=\u00a0\u00bbdefault\u00a0\u00bb background_image=\u00a0\u00bbhttp:\/\/paju.org\/wp-content\/uploads\/2022\/01\/18922159_949765261830179_8496413708164435994_n.jpg\u00a0\u00bb custom_padding=\u00a0\u00bb||208px|||\u00a0\u00bb bottom_divider_style=\u00a0\u00bbtriangle\u00a0\u00bb bottom_divider_color=\u00a0\u00bb#FFFFFF\u00a0\u00bb bottom_divider_height=\u00a0\u00bb35px\u00a0\u00bb bottom_divider_flip=\u00a0\u00bbvertical\u00a0\u00bb global_colors_info=\u00a0\u00bb{}\u00a0\u00bb da_is_popup=\u00a0\u00bboff\u00a0\u00bb da_exit_intent=\u00a0\u00bboff\u00a0\u00bb da_has_close=\u00a0\u00bbon\u00a0\u00bb da_alt_close=\u00a0\u00bboff\u00a0\u00bb da_dark_close=\u00a0\u00bboff\u00a0\u00bb da_not_modal=\u00a0\u00bbon\u00a0\u00bb da_is_singular=\u00a0\u00bboff\u00a0\u00bb da_with_loader=\u00a0\u00bboff\u00a0\u00bb da_has_shadow=\u00a0\u00bbon\u00a0\u00bb da_disable_devices=\u00a0\u00bboff|off|off\u00a0\u00bb][et_pb_row _builder_version=\u00a0\u00bb4.16&Prime; _module_preset=\u00a0\u00bbdefault\u00a0\u00bb background_enable_color=\u00a0\u00bboff\u00a0\u00bb global_colors_info=\u00a0\u00bb{}\u00a0\u00bb][et_pb_column type=\u00a0\u00bb4_4&Prime; _builder_version=\u00a0\u00bb4.16&Prime; _module_preset=\u00a0\u00bbdefault\u00a0\u00bb global_colors_info=\u00a0\u00bb{}\u00a0\u00bb][et_pb_text _builder_version=\u00a0\u00bb4.16&Prime; _module_preset=\u00a0\u00bbdefault\u00a0\u00bb header_font=\u00a0\u00bb|700||on|||||\u00a0\u00bb header_text_color=\u00a0\u00bb#FFFFFF\u00a0\u00bb header_font_size=\u00a0\u00bb61px\u00a0\u00bb transform_scale_tablet=\u00a0\u00bb\u00a0\u00bb transform_scale_phone=\u00a0\u00bb\u00a0\u00bb transform_scale_last_edited=\u00a0\u00bbon|desktop\u00a0\u00bb transform_translate=\u00a0\u00bb-4px|241px\u00a0\u00bb transform_translate_tablet=\u00a0\u00bb-4px|220px\u00a0\u00bb transform_translate_phone=\u00a0\u00bb-4px|223px\u00a0\u00bb transform_translate_last_edited=\u00a0\u00bbon|phone\u00a0\u00bb transform_translate_linked=\u00a0\u00bboff\u00a0\u00bb transform_rotate_tablet=\u00a0\u00bb\u00a0\u00bb transform_rotate_phone=\u00a0\u00bb\u00a0\u00bb transform_rotate_last_edited=\u00a0\u00bbon|desktop\u00a0\u00bb transform_skew_tablet=\u00a0\u00bb\u00a0\u00bb transform_skew_phone=\u00a0\u00bb\u00a0\u00bb transform_skew_last_edited=\u00a0\u00bbon|desktop\u00a0\u00bb transform_origin_tablet=\u00a0\u00bb\u00a0\u00bb transform_origin_phone=\u00a0\u00bb\u00a0\u00bb transform_origin_last_edited=\u00a0\u00bbon|desktop\u00a0\u00bb transform_styles_last_edited=\u00a0\u00bbon|phone\u00a0\u00bb transform_styles_tablet=\u00a0\u00bb\u00a0\u00bb transform_styles_phone=\u00a0\u00bb\u00a0\u00bb header_text_shadow_style=\u00a0\u00bbpreset1&Prime; header_text_shadow_horizontal_length=\u00a0\u00bb0.03em\u00a0\u00bb header_text_shadow_vertical_length=\u00a0\u00bb-0.1em\u00a0\u00bb header_text_shadow_blur_strength=\u00a0\u00bb0.13em\u00a0\u00bb header_text_shadow_color=\u00a0\u00bb#000000&Prime; global_colors_info=\u00a0\u00bb{}\u00a0\u00bb]<\/p>\n<h1 class=\"entry-title main_title\">Qui sommes-nous ?<\/h1>\n<p>[\/et_pb_text][\/et_pb_column][\/et_pb_row][\/et_pb_section][et_pb_section fb_built=\u00a0\u00bb1&Prime; _builder_version=\u00a0\u00bb4.16&Prime; _module_preset=\u00a0\u00bbdefault\u00a0\u00bb custom_padding=\u00a0\u00bb0%||3%||false|false\u00a0\u00bb bottom_divider_color=\u00a0\u00bb#FFFFFF\u00a0\u00bb bottom_divider_flip=\u00a0\u00bbvertical\u00a0\u00bb global_colors_info=\u00a0\u00bb{}\u00a0\u00bb da_is_popup=\u00a0\u00bboff\u00a0\u00bb da_exit_intent=\u00a0\u00bboff\u00a0\u00bb da_has_close=\u00a0\u00bbon\u00a0\u00bb da_alt_close=\u00a0\u00bboff\u00a0\u00bb da_dark_close=\u00a0\u00bboff\u00a0\u00bb da_not_modal=\u00a0\u00bbon\u00a0\u00bb da_is_singular=\u00a0\u00bboff\u00a0\u00bb da_with_loader=\u00a0\u00bboff\u00a0\u00bb da_has_shadow=\u00a0\u00bbon\u00a0\u00bb da_disable_devices=\u00a0\u00bboff|off|off\u00a0\u00bb][et_pb_row _builder_version=\u00a0\u00bb4.16&Prime; _module_preset=\u00a0\u00bbdefault\u00a0\u00bb global_colors_info=\u00a0\u00bb{}\u00a0\u00bb][et_pb_column type=\u00a0\u00bb4_4&Prime; _builder_version=\u00a0\u00bb4.16&Prime; _module_preset=\u00a0\u00bbdefault\u00a0\u00bb global_colors_info=\u00a0\u00bb{}\u00a0\u00bb][et_pb_text _builder_version=\u00a0\u00bb4.16&Prime; _module_preset=\u00a0\u00bbdefault\u00a0\u00bb header_2_font=\u00a0\u00bb|700||on|||||\u00a0\u00bb global_colors_info=\u00a0\u00bb{}\u00a0\u00bb]<\/p>\n<h2>Qui sommes-nous ?<\/h2>\n<p>Palestiniens et Juifs unis (PAJU) est une organisation de d\u00e9fense des droits de la personne. Nous reconnaissons explicitement le droit du peuple palestinien \u00e0 une existence nationale ainsi que le droit de ce peuple \u00e0 vivre e s\u00e9curit\u00e9. Nous sommes contre toutes violations de droits humains. Le PAJU a \u00e9t\u00e9 fond\u00e9 \u00e0 Montr\u00e9al par Bruce Katz, un juif canadien et par Rezeq Faraj un canadien d&rsquo;origine palestinienne. Bruce et Rezeq sont des amis depuis plus de 25 ans. Notre groupe est compos\u00e9 de juifs, de Palestiniens et de Canadiennes et Canadiens. Nous travaillons ensemble pour la promotion de la paix au Moyen-Orient ainsi qu&rsquo;\u00e0 l&rsquo;\u00e9ducation du public concernant la question palestinienne.<\/p>\n<p>&nbsp;<\/p>\n<p>[\/et_pb_text][\/et_pb_column][\/et_pb_row][et_pb_row column_structure=\u00a0\u00bb1_4,3_4&Prime; _builder_version=\u00a0\u00bb4.16&Prime; _module_preset=\u00a0\u00bbdefault\u00a0\u00bb global_colors_info=\u00a0\u00bb{}\u00a0\u00bb][et_pb_column type=\u00a0\u00bb1_4&Prime; _builder_version=\u00a0\u00bb4.16&Prime; _module_preset=\u00a0\u00bbdefault\u00a0\u00bb global_colors_info=\u00a0\u00bb{}\u00a0\u00bb][et_pb_image src=\u00a0\u00bbhttp:\/\/paju.org\/wp-content\/uploads\/2022\/01\/RB.png\u00a0\u00bb title_text=\u00a0\u00bbR+B\u00a0\u00bb _builder_version=\u00a0\u00bb4.16&Prime; _module_preset=\u00a0\u00bbdefault\u00a0\u00bb background_color=\u00a0\u00bbRGBA(255,255,255,0)\u00a0\u00bb animation_style=\u00a0\u00bbslide\u00a0\u00bb animation_direction=\u00a0\u00bbleft\u00a0\u00bb global_colors_info=\u00a0\u00bb{}\u00a0\u00bb][\/et_pb_image][\/et_pb_column][et_pb_column type=\u00a0\u00bb3_4&Prime; _builder_version=\u00a0\u00bb4.16&Prime; _module_preset=\u00a0\u00bbdefault\u00a0\u00bb global_colors_info=\u00a0\u00bb{}\u00a0\u00bb][et_pb_text _builder_version=\u00a0\u00bb4.16&Prime; _module_preset=\u00a0\u00bbdefault\u00a0\u00bb header_2_font=\u00a0\u00bb|700||on|||||\u00a0\u00bb global_colors_info=\u00a0\u00bb{}\u00a0\u00bb]<\/p>\n<h2>Fondateurs<\/h2>\n<h5><strong>Rezeq Faraj<\/strong><\/h5>\n<p>Rezeq Faraj est n\u00e9 en Palestine avant la Nakba (la Catastrophe) de 1948 et la cr\u00e9ation de l&rsquo;\u00c9tat d&rsquo;Isra\u00ebl. Il a grandi dans le camp de r\u00e9fugi\u00e9s de Deheisha pr\u00e8s de Bethl\u00e9em, o\u00f9 vit toujours sa famille. Apr\u00e8s un s\u00e9jour en Europe, Rezeq Faraj est arriv\u00e9 au Canada en 1966. Apr\u00e8s 28 ans dans l&rsquo;enseignement, il a pris sa retraite en mars 2003. Rezeq est cofondateur de PAJU (Palestiniens et Juifs unis) avec son grand ami et fr\u00e8re Bruce Katz.<\/p>\n<p>Rezeq Faraj est l&rsquo;auteur du livre \u00ab Palestine : le refus de dispara\u00eetre \u00bb. Il est aussi l&rsquo;auteur de nombreux articles sur le Moyen-Orient, parus dans divers revues et journaux canadiens et am\u00e9ricains. Conf\u00e9rencier invit\u00e9 dans divers coll\u00e8ges et universit\u00e9s du Qu\u00e9bec, du Canada et des \u00c9tats-Unis, il poursuit son travail de sensibilisation \u00e0 la cause du peuple palestinien et \u00e0 la d\u00e9fense des opprim\u00e9s.<\/p>\n<h5><strong>Bruce Katz<\/strong><\/h5>\n<p>Bruce Katz est n\u00e9 et a grandi \u00e0 Montr\u00e9al. Il est professeur de langues par vocation. En novembre 2000, Bruce est co-fondateur de PAJU (Palestiniens et Juifs unis) avec son grand ami et fr\u00e8re, Rezeq Faraj. Bruce Katz est aussi un membre fondateur de l&rsquo;ONG canadien, le CCCCH (Comit\u00e9 Canadien pour Combattre les Crimes Contre l&rsquo;Humanit\u00e9), une organisation vou\u00e9e \u00e0 l&rsquo;instauration du principe des crimes \u00e9conomiques en loi internationale.<\/p>\n<p>[\/et_pb_text][\/et_pb_column][\/et_pb_row][\/et_pb_section][et_pb_section fb_built=\u00a0\u00bb1&Prime; prev_background_color=\u00a0\u00bb#ffffff\u00a0\u00bb _builder_version=\u00a0\u00bb4.16&Prime; _module_preset=\u00a0\u00bbdefault\u00a0\u00bb background_color=\u00a0\u00bbgcid-115d7223-4228-4201-bb4e-22132c547f3c\u00a0\u00bb background_color_gradient_direction=\u00a0\u00bb142deg\u00a0\u00bb background_color_gradient_start=\u00a0\u00bb#ffba0c\u00a0\u00bb background_color_gradient_end=\u00a0\u00bbrgba(153,186,124,0.35)\u00a0\u00bb top_divider_style=\u00a0\u00bbtriangle\u00a0\u00bb top_divider_height=\u00a0\u00bb50px\u00a0\u00bb top_divider_flip=\u00a0\u00bbvertical\u00a0\u00bb global_colors_info=\u00a0\u00bb{%22gcid-115d7223-4228-4201-bb4e-22132c547f3c%22:%91%22background_color%22%93}\u00a0\u00bb disabled_on=\u00a0\u00bbon|on|on\u00a0\u00bb disabled=\u00a0\u00bbon\u00a0\u00bb da_is_popup=\u00a0\u00bboff\u00a0\u00bb da_exit_intent=\u00a0\u00bboff\u00a0\u00bb da_has_close=\u00a0\u00bbon\u00a0\u00bb da_alt_close=\u00a0\u00bboff\u00a0\u00bb da_dark_close=\u00a0\u00bboff\u00a0\u00bb da_not_modal=\u00a0\u00bbon\u00a0\u00bb da_is_singular=\u00a0\u00bboff\u00a0\u00bb da_with_loader=\u00a0\u00bboff\u00a0\u00bb da_has_shadow=\u00a0\u00bbon\u00a0\u00bb da_disable_devices=\u00a0\u00bboff|off|off\u00a0\u00bb][et_pb_row column_structure=\u00a0\u00bb1_4,3_4&Prime; _builder_version=\u00a0\u00bb4.16&Prime; _module_preset=\u00a0\u00bbdefault\u00a0\u00bb global_colors_info=\u00a0\u00bb{}\u00a0\u00bb][et_pb_column type=\u00a0\u00bb1_4&Prime; _builder_version=\u00a0\u00bb4.16&Prime; _module_preset=\u00a0\u00bbdefault\u00a0\u00bb global_colors_info=\u00a0\u00bb{}\u00a0\u00bb][et_pb_image src=\u00a0\u00bbhttp:\/\/paju.org\/PAJU%20logo.svg\u00a0\u00bb align=\u00a0\u00bbcenter\u00a0\u00bb _builder_version=\u00a0\u00bb4.16&Prime; _module_preset=\u00a0\u00bbdefault\u00a0\u00bb global_colors_info=\u00a0\u00bb{}\u00a0\u00bb][\/et_pb_image][et_pb_image src=\u00a0\u00bbhttp:\/\/paju.org\/wp-content\/uploads\/2022\/02\/Nakba-2016-668&#215;1024.jpg\u00a0\u00bb title_text=\u00a0\u00bbNakba 2016&Prime; show_in_lightbox=\u00a0\u00bbon\u00a0\u00bb _builder_version=\u00a0\u00bb4.16&Prime; _module_preset=\u00a0\u00bbdefault\u00a0\u00bb global_colors_info=\u00a0\u00bb{}\u00a0\u00bb][\/et_pb_image][\/et_pb_column][et_pb_column type=\u00a0\u00bb3_4&Prime; _builder_version=\u00a0\u00bb4.16&Prime; _module_preset=\u00a0\u00bbdefault\u00a0\u00bb global_colors_info=\u00a0\u00bb{}\u00a0\u00bb][et_pb_text _builder_version=\u00a0\u00bb4.16&Prime; _module_preset=\u00a0\u00bbdefault\u00a0\u00bb header_2_font=\u00a0\u00bb|700|||||||\u00a0\u00bb global_colors_info=\u00a0\u00bb{}\u00a0\u00bb]<\/p>\n<h2>La charte de PAJU<\/h2>\n<p><strong>Telle que modifi\u00e9e lors de l\u2019assembl\u00e9e g\u00e9n\u00e9rale de PAJU, le 28 septembre 2008, au 1600, rue Delorimier, \u00e0 Montr\u00e9al.<\/strong><\/p>\n<ol>\n<li>PAJU (Palestiniens et Juifs Unis) est une organisation non gouvernementale et non violente dont la mission est de d\u00e9fendre les Palestiniens et les Isra\u00e9liens en ce qui a trait aux droits de la personne et aux droits civiques.<\/li>\n<li>PAJU reconna\u00eet formellement le droit \u00e0 l\u2019existence des populations isra\u00e9lienne et palestinienne, ainsi que leur droit de vivre en s\u00e9curit\u00e9.<\/li>\n<li>PAJU se donne pour mission de contribuer \u00e0 l\u2019\u00e9tablissement d\u2019une paix juste et durable entre Palestiniens et Isra\u00e9liens.<\/li>\n<li>PAJU condamne toute violation des droits de la personne.<\/li>\n<li>PAJU affirme que le conflit isra\u00e9lo-palestinien peut et doit \u00eatre r\u00e9solu par l\u2019application du Droit international tel qu\u2019il s\u2019exprime dans les quatre conventions de Gen\u00e8ve, dans la Charte des Nations Unies, la D\u00e9claration universelle des Droits de l\u2019Homme et toutes les r\u00e9solutions des Nations Unies qui s\u2019appliquent.<\/li>\n<li>\u00c9tat palestinien : PAJU soutient le droit du peuple palestinien \u00e0 l\u2019autod\u00e9termination et appuiera toutes les d\u00e9cisions prises en ce sens.<\/li>\n<li>En ce qui concerne l\u2019occupation : PAJU soutient le droit du peuple palestinien \u00e0 r\u00e9sister \u00e0 l\u2019occupation isra\u00e9lienne, selon le Droit international.<\/li>\n<li>PAJU reconna\u00eet que l\u2019occupation isra\u00e9lienne est une cause fondamentale de la violence existant entre Isra\u00e9liens et Palestiniens.<\/li>\n<li>PAJU appuie les r\u00e9solutions 242, 338 et 181 des Nations Unies et les recommandations de la IV\u00e8me Convention de Gen\u00e8ve. Par cons\u00e9quent, PAJU exige qu\u2019Isra\u00ebl \u00e9vacue d\u00e9finitivement tous les territoires occup\u00e9s depuis 1967.<\/li>\n<li>En ce qui concerne les colonies : PAJU soutient la IV\u00e8me Convention de Gen\u00e8ve, dont les principes exigent qu\u2019Isra\u00ebl \u00e9vacue d\u00e9finitivement toutes les colonies de peuplement et tous les colons isra\u00e9liens de tous les territoires occup\u00e9s en 1967.<\/li>\n<li>En ce qui concerne J\u00e9rusalem Est : PAJU soutient la cr\u00e9ation d\u2019un \u00c9tat palestinien ind\u00e9pendant et la\u00efque ayant pour capitale J\u00e9rusalem Est, celle-ci \u00e9tant partie int\u00e9grante des territoires palestiniens ill\u00e9galement occup\u00e9s en 1967.<\/li>\n<li>PAJU reconna\u00eet la signification particuli\u00e8re de J\u00e9rusalem pour les Chr\u00e9tiens, les Juifs et les Musulmans. Nous affirmons qu\u2019aucune communaut\u00e9 religieuse ne devrait b\u00e9n\u00e9ficier d\u2019une position privil\u00e9gi\u00e9e \u00e0 J\u00e9rusalem; de m\u00eame, personne ne devrait se voir refuser l\u2019acc\u00e8s aux lieux saints de J\u00e9rusalem du fait de sa religion.<\/li>\n<li>En ce qui concerne les r\u00e9fugi\u00e9s : PAJU affirme que la question des r\u00e9fugi\u00e9s palestiniens doit \u00eatre r\u00e9solue selon les principes stipul\u00e9s dans la D\u00e9claration universelle des Droits de l\u2019Homme des Nations Unies &#8211; clause 13 -, qui engage tous les pays membres des Nations Unies, y compris Isra\u00ebl.<\/li>\n<li>En ce qui concerne le Droit de retour : PAJU affirme que le Droit de retour des Palestiniens, tel que reconnu par la r\u00e9solution 194 des Nations Unies et par la D\u00e9claration universelle des Droits de l\u2019Homme, est un droit individuel que d\u00e9tiennent tous les Palestiniens d\u00e9plac\u00e9s ou exil\u00e9s. Eux seuls disposent de ce droit, qui ne peut leur \u00eatre retir\u00e9 par quiconque. L\u2019application du Droit de retour doit faire partie d\u2019un accord n\u00e9goci\u00e9 de paix juste et durable pour tous.<\/li>\n<li>En ce qui concerne la compensation : PAJU affirme que tous les r\u00e9fugi\u00e9s palestiniens devront recevoir une pleine compensation pour leurs pertes mat\u00e9rielles et leurs souffrances physiques et morales, bas\u00e9e sur des pr\u00e9c\u00e9dents clairement \u00e9tablis par la jurisprudence internationale. Les Palestiniens ne retournant pas \u00e0 leur propri\u00e9t\u00e9 d\u2019origine devront recevoir une pleine compensation pour leurs pertes et ce, qu\u2019ils d\u00e9cident ou non de retourner en Isra\u00ebl ou en Palestine.PAJU affirme qu\u2019\u00e0 d\u00e9faut d\u2019une juste solution apport\u00e9e \u00e0 la situation des r\u00e9fugi\u00e9s &#8211; y compris les compensations &#8211; la question palestinienne ne pourra \u00eatre r\u00e9solue de fa\u00e7on juste et d\u00e9finitive.Autres mati\u00e8res sujettes \u00e0 n\u00e9gociation : Toutes les autres questions en souffrance telles que la question de l\u2019eau, le sort des prisonniers politiques et le d\u00e9veloppement humain et \u00e9conomique &#8211; entre autres, la lutte continuelle contre le racisme -, devront \u00eatre r\u00e9solues \u00e0 la table des n\u00e9gociations, entre \u00e9gaux.<\/li>\n<li>Assistance aux r\u00e9fugi\u00e9s Palestiniens : PAJU se consacre \u00e0 l\u2019aide aux r\u00e9fugi\u00e9s palestiniens dans la lutte quotidienne qu\u2019ils m\u00e8nent pour leur survie, jusqu\u2019\u00e0 ce que des accords de paix soient \u00e9tablis, accords auxquels les r\u00e9fugi\u00e9s palestiniens et leurs repr\u00e9sentants devront pouvoir adh\u00e9rer librement.<\/li>\n<li>Sensibilisation du public \u00e0 ces questions : PAJU se donne pour mission d\u2019utiliser toutes les tribunes \u00e0 sa disposition afin de promouvoir la paix et la justice sociale pour toutes les communaut\u00e9s de la r\u00e9gion concern\u00e9e, par la poursuite des objectifs pr\u00e9c\u00e9demment mentionn\u00e9s.<\/li>\n<li>En ce qui concerne les Palestiniens d\u2019Isra\u00ebl : Plus de 1 200 000 Palestiniens vivent en Isra\u00ebl. PAJU d\u00e9nonce la politique discriminatoire employ\u00e9e par Isra\u00ebl \u00e0 l\u2019\u00e9gard de ses citoyens palestiniens. PAJU demande de la part du gouvernement d\u2019Isra\u00ebl une application \u00e9gale de toutes les lois et un respect de tous les droits de tous ses citoyens sans distinction.<\/li>\n<\/ol>\n<p>[\/et_pb_text][\/et_pb_column][\/et_pb_row][\/et_pb_section]<\/p>\n","protected":false},"excerpt":{"rendered":"<p>Qui sommes-nous ?Qui sommes-nous ? Palestiniens et Juifs unis (PAJU) est une organisation de d\u00e9fense des droits de la personne. Nous reconnaissons explicitement le droit du peuple palestinien \u00e0 une [&hellip;]<\/p>\n","protected":false},"author":3,"featured_media":0,"parent":0,"menu_order":0,"comment_status":"closed","ping_status":"closed","template":"","meta":{"_acf_changed":false,"_et_pb_use_builder":"on","_et_pb_old_content":"","_et_gb_content_width":"","footnotes":""},"class_list":["post-3480","page","type-page","status-publish","hentry"],"acf":[],"yoast_head":"<!-- This site is optimized with the Yoast SEO plugin v27.5 - https:\/\/yoast.com\/product\/yoast-seo-wordpress\/ -->\n<title>Qui sommes-nous ? - PAJU<\/title>\n<meta name=\"robots\" content=\"index, follow, max-snippet:-1, max-image-preview:large, max-video-preview:-1\" \/>\n<link rel=\"canonical\" href=\"https:\/\/paju.org\/fr\/qui-sommes-nous-2\/\" \/>\n<meta property=\"og:locale\" content=\"fr_FR\" \/>\n<meta property=\"og:type\" content=\"article\" \/>\n<meta property=\"og:title\" content=\"Qui sommes-nous ? - PAJU\" \/>\n<meta property=\"og:description\" content=\"Qui sommes-nous ?Qui sommes-nous ? Palestiniens et Juifs unis (PAJU) est une organisation de d\u00e9fense des droits de la personne. Nous reconnaissons explicitement le droit du peuple palestinien \u00e0 une [&hellip;]\" \/>\n<meta property=\"og:site_name\" content=\"PAJU\" \/>\n<meta property=\"article:publisher\" content=\"https:\/\/www.facebook.com\/pajumontreal\" \/>\n<meta property=\"article:modified_time\" content=\"2023-04-23T15:03:24+00:00\" \/>\n<meta property=\"og:image\" content=\"https:\/\/paju.org\/wp-content\/uploads\/2022\/05\/PAJU-Logo.png\" \/>\n\t<meta property=\"og:image:width\" content=\"696\" \/>\n\t<meta property=\"og:image:height\" content=\"293\" \/>\n\t<meta property=\"og:image:type\" content=\"image\/png\" \/>\n<meta name=\"twitter:card\" content=\"summary_large_image\" \/>\n<meta name=\"twitter:label1\" content=\"Dur\u00e9e de lecture estim\u00e9e\" \/>\n\t<meta name=\"twitter:data1\" content=\"10 minutes\" \/>\n<script type=\"application\/ld+json\" class=\"yoast-schema-graph\">{\"@context\":\"https:\\\/\\\/schema.org\",\"@graph\":[{\"@type\":\"WebPage\",\"@id\":\"https:\\\/\\\/paju.org\\\/fr\\\/qui-sommes-nous-2\\\/\",\"url\":\"https:\\\/\\\/paju.org\\\/fr\\\/qui-sommes-nous-2\\\/\",\"name\":\"Qui sommes-nous ? - PAJU\",\"isPartOf\":{\"@id\":\"https:\\\/\\\/paju.org\\\/fr\\\/#website\"},\"datePublished\":\"2022-01-31T20:22:23+00:00\",\"dateModified\":\"2023-04-23T15:03:24+00:00\",\"breadcrumb\":{\"@id\":\"https:\\\/\\\/paju.org\\\/fr\\\/qui-sommes-nous-2\\\/#breadcrumb\"},\"inLanguage\":\"fr-FR\",\"potentialAction\":[{\"@type\":\"ReadAction\",\"target\":[\"https:\\\/\\\/paju.org\\\/fr\\\/qui-sommes-nous-2\\\/\"]}]},{\"@type\":\"BreadcrumbList\",\"@id\":\"https:\\\/\\\/paju.org\\\/fr\\\/qui-sommes-nous-2\\\/#breadcrumb\",\"itemListElement\":[{\"@type\":\"ListItem\",\"position\":1,\"name\":\"Home\",\"item\":\"https:\\\/\\\/paju.org\\\/fr\\\/\"},{\"@type\":\"ListItem\",\"position\":2,\"name\":\"Qui sommes-nous ?\"}]},{\"@type\":\"WebSite\",\"@id\":\"https:\\\/\\\/paju.org\\\/fr\\\/#website\",\"url\":\"https:\\\/\\\/paju.org\\\/fr\\\/\",\"name\":\"PAJU\",\"description\":\"\",\"publisher\":{\"@id\":\"https:\\\/\\\/paju.org\\\/fr\\\/#organization\"},\"potentialAction\":[{\"@type\":\"SearchAction\",\"target\":{\"@type\":\"EntryPoint\",\"urlTemplate\":\"https:\\\/\\\/paju.org\\\/fr\\\/?s={search_term_string}\"},\"query-input\":{\"@type\":\"PropertyValueSpecification\",\"valueRequired\":true,\"valueName\":\"search_term_string\"}}],\"inLanguage\":\"fr-FR\"},{\"@type\":\"Organization\",\"@id\":\"https:\\\/\\\/paju.org\\\/fr\\\/#organization\",\"name\":\"Palestinian and Jewish Unity\",\"url\":\"https:\\\/\\\/paju.org\\\/fr\\\/\",\"logo\":{\"@type\":\"ImageObject\",\"inLanguage\":\"fr-FR\",\"@id\":\"https:\\\/\\\/paju.org\\\/fr\\\/#\\\/schema\\\/logo\\\/image\\\/\",\"url\":\"https:\\\/\\\/paju.org\\\/wp-content\\\/uploads\\\/PAJU-Logo.png\",\"contentUrl\":\"https:\\\/\\\/paju.org\\\/wp-content\\\/uploads\\\/PAJU-Logo.png\",\"width\":696,\"height\":293,\"caption\":\"Palestinian and Jewish Unity\"},\"image\":{\"@id\":\"https:\\\/\\\/paju.org\\\/fr\\\/#\\\/schema\\\/logo\\\/image\\\/\"},\"sameAs\":[\"https:\\\/\\\/www.facebook.com\\\/pajumontreal\",\"https:\\\/\\\/www.instagram.com\\\/pajumontreal\\\/\"]}]}<\/script>\n<!-- \/ Yoast SEO plugin. -->","yoast_head_json":{"title":"Qui sommes-nous ? - PAJU","robots":{"index":"index","follow":"follow","max-snippet":"max-snippet:-1","max-image-preview":"max-image-preview:large","max-video-preview":"max-video-preview:-1"},"canonical":"https:\/\/paju.org\/fr\/qui-sommes-nous-2\/","og_locale":"fr_FR","og_type":"article","og_title":"Qui sommes-nous ? - PAJU","og_site_name":"PAJU","article_publisher":"https:\/\/www.facebook.com\/pajumontreal","article_modified_time":"2023-04-23T15:03:24+00:00","og_image":[{"width":696,"height":293,"url":"https:\/\/paju.org\/wp-content\/uploads\/2022\/05\/PAJU-Logo.png","type":"image\/png"}],"twitter_card":"summary_large_image","twitter_misc":{"Dur\u00e9e de lecture estim\u00e9e":"10 minutes"},"schema":{"@context":"https:\/\/schema.org","@graph":[{"@type":"WebPage","@id":"https:\/\/paju.org\/fr\/qui-sommes-nous-2\/","url":"https:\/\/paju.org\/fr\/qui-sommes-nous-2\/","name":"Qui sommes-nous ? - PAJU","isPartOf":{"@id":"https:\/\/paju.org\/fr\/#website"},"datePublished":"2022-01-31T20:22:23+00:00","dateModified":"2023-04-23T15:03:24+00:00","breadcrumb":{"@id":"https:\/\/paju.org\/fr\/qui-sommes-nous-2\/#breadcrumb"},"inLanguage":"fr-FR","potentialAction":[{"@type":"ReadAction","target":["https:\/\/paju.org\/fr\/qui-sommes-nous-2\/"]}]},{"@type":"BreadcrumbList","@id":"https:\/\/paju.org\/fr\/qui-sommes-nous-2\/#breadcrumb","itemListElement":[{"@type":"ListItem","position":1,"name":"Home","item":"https:\/\/paju.org\/fr\/"},{"@type":"ListItem","position":2,"name":"Qui sommes-nous ?"}]},{"@type":"WebSite","@id":"https:\/\/paju.org\/fr\/#website","url":"https:\/\/paju.org\/fr\/","name":"PAJU","description":"","publisher":{"@id":"https:\/\/paju.org\/fr\/#organization"},"potentialAction":[{"@type":"SearchAction","target":{"@type":"EntryPoint","urlTemplate":"https:\/\/paju.org\/fr\/?s={search_term_string}"},"query-input":{"@type":"PropertyValueSpecification","valueRequired":true,"valueName":"search_term_string"}}],"inLanguage":"fr-FR"},{"@type":"Organization","@id":"https:\/\/paju.org\/fr\/#organization","name":"Palestinian and Jewish Unity","url":"https:\/\/paju.org\/fr\/","logo":{"@type":"ImageObject","inLanguage":"fr-FR","@id":"https:\/\/paju.org\/fr\/#\/schema\/logo\/image\/","url":"https:\/\/paju.org\/wp-content\/uploads\/PAJU-Logo.png","contentUrl":"https:\/\/paju.org\/wp-content\/uploads\/PAJU-Logo.png","width":696,"height":293,"caption":"Palestinian and Jewish Unity"},"image":{"@id":"https:\/\/paju.org\/fr\/#\/schema\/logo\/image\/"},"sameAs":["https:\/\/www.facebook.com\/pajumontreal","https:\/\/www.instagram.com\/pajumontreal\/"]}]}},"_links":{"self":[{"href":"https:\/\/paju.org\/fr\/wp-json\/wp\/v2\/pages\/3480","targetHints":{"allow":["GET"]}}],"collection":[{"href":"https:\/\/paju.org\/fr\/wp-json\/wp\/v2\/pages"}],"about":[{"href":"https:\/\/paju.org\/fr\/wp-json\/wp\/v2\/types\/page"}],"author":[{"embeddable":true,"href":"https:\/\/paju.org\/fr\/wp-json\/wp\/v2\/users\/3"}],"replies":[{"embeddable":true,"href":"https:\/\/paju.org\/fr\/wp-json\/wp\/v2\/comments?post=3480"}],"version-history":[{"count":8,"href":"https:\/\/paju.org\/fr\/wp-json\/wp\/v2\/pages\/3480\/revisions"}],"predecessor-version":[{"id":8206,"href":"https:\/\/paju.org\/fr\/wp-json\/wp\/v2\/pages\/3480\/revisions\/8206"}],"wp:attachment":[{"href":"https:\/\/paju.org\/fr\/wp-json\/wp\/v2\/media?parent=3480"}],"curies":[{"name":"wp","href":"https:\/\/api.w.org\/{rel}","templated":true}]}}