{"id":3441,"date":"2022-01-31T19:40:10","date_gmt":"2022-01-31T19:40:10","guid":{"rendered":"http:\/\/paju.org\/?page_id=3441"},"modified":"2022-03-01T19:45:30","modified_gmt":"2022-03-01T19:45:30","slug":"notre-histoire","status":"publish","type":"page","link":"https:\/\/paju.org\/fr\/notre-histoire\/","title":{"rendered":"Notre histoire"},"content":{"rendered":"<p>[et_pb_section fb_built=\u00a0\u00bb1&Prime; _builder_version=\u00a0\u00bb4.14.5&Prime; _module_preset=\u00a0\u00bbdefault\u00a0\u00bb background_image=\u00a0\u00bbhttp:\/\/paju.org\/wp-content\/uploads\/2022\/01\/18922159_949765261830179_8496413708164435994_n.jpg\u00a0\u00bb custom_padding=\u00a0\u00bb||208px|||\u00a0\u00bb bottom_divider_style=\u00a0\u00bbtriangle\u00a0\u00bb bottom_divider_color=\u00a0\u00bb#FFFFFF\u00a0\u00bb bottom_divider_height=\u00a0\u00bb35px\u00a0\u00bb bottom_divider_flip=\u00a0\u00bbvertical\u00a0\u00bb global_colors_info=\u00a0\u00bb{}\u00a0\u00bb da_is_popup=\u00a0\u00bboff\u00a0\u00bb da_exit_intent=\u00a0\u00bboff\u00a0\u00bb da_has_close=\u00a0\u00bbon\u00a0\u00bb da_alt_close=\u00a0\u00bboff\u00a0\u00bb da_dark_close=\u00a0\u00bboff\u00a0\u00bb da_not_modal=\u00a0\u00bbon\u00a0\u00bb da_is_singular=\u00a0\u00bboff\u00a0\u00bb da_with_loader=\u00a0\u00bboff\u00a0\u00bb da_has_shadow=\u00a0\u00bbon\u00a0\u00bb da_disable_devices=\u00a0\u00bboff|off|off\u00a0\u00bb][et_pb_row _builder_version=\u00a0\u00bb4.14.5&Prime; _module_preset=\u00a0\u00bbdefault\u00a0\u00bb background_enable_color=\u00a0\u00bboff\u00a0\u00bb global_colors_info=\u00a0\u00bb{}\u00a0\u00bb][et_pb_column type=\u00a0\u00bb4_4&Prime; _builder_version=\u00a0\u00bb4.14.5&Prime; _module_preset=\u00a0\u00bbdefault\u00a0\u00bb global_colors_info=\u00a0\u00bb{}\u00a0\u00bb][et_pb_text _builder_version=\u00a0\u00bb4.14.5&Prime; _module_preset=\u00a0\u00bbdefault\u00a0\u00bb header_font=\u00a0\u00bb|700||on|||||\u00a0\u00bb header_text_color=\u00a0\u00bb#FFFFFF\u00a0\u00bb header_font_size=\u00a0\u00bb61px\u00a0\u00bb transform_scale_tablet=\u00a0\u00bb\u00a0\u00bb transform_scale_phone=\u00a0\u00bb\u00a0\u00bb transform_scale_last_edited=\u00a0\u00bbon|desktop\u00a0\u00bb transform_translate=\u00a0\u00bb-4px|220px\u00a0\u00bb transform_translate_tablet=\u00a0\u00bb-4px|220px\u00a0\u00bb transform_translate_phone=\u00a0\u00bb-4px|223px\u00a0\u00bb transform_translate_last_edited=\u00a0\u00bbon|phone\u00a0\u00bb transform_translate_linked=\u00a0\u00bboff\u00a0\u00bb transform_rotate_tablet=\u00a0\u00bb\u00a0\u00bb transform_rotate_phone=\u00a0\u00bb\u00a0\u00bb transform_rotate_last_edited=\u00a0\u00bbon|desktop\u00a0\u00bb transform_skew_tablet=\u00a0\u00bb\u00a0\u00bb transform_skew_phone=\u00a0\u00bb\u00a0\u00bb transform_skew_last_edited=\u00a0\u00bbon|desktop\u00a0\u00bb transform_origin_tablet=\u00a0\u00bb\u00a0\u00bb transform_origin_phone=\u00a0\u00bb\u00a0\u00bb transform_origin_last_edited=\u00a0\u00bbon|desktop\u00a0\u00bb transform_styles_last_edited=\u00a0\u00bbon|phone\u00a0\u00bb transform_styles_tablet=\u00a0\u00bb\u00a0\u00bb transform_styles_phone=\u00a0\u00bb\u00a0\u00bb header_text_shadow_style=\u00a0\u00bbpreset1&Prime; header_text_shadow_horizontal_length=\u00a0\u00bb0.03em\u00a0\u00bb header_text_shadow_vertical_length=\u00a0\u00bb-0.1em\u00a0\u00bb header_text_shadow_blur_strength=\u00a0\u00bb0.13em\u00a0\u00bb header_text_shadow_color=\u00a0\u00bb#000000&Prime; global_colors_info=\u00a0\u00bb{}\u00a0\u00bb]<\/p>\n<h1>Notre histoire<\/h1>\n<p>[\/et_pb_text][\/et_pb_column][\/et_pb_row][\/et_pb_section][et_pb_section fb_built=\u00a0\u00bb1&Prime; _builder_version=\u00a0\u00bb4.14.5&Prime; _module_preset=\u00a0\u00bbdefault\u00a0\u00bb global_colors_info=\u00a0\u00bb{}\u00a0\u00bb da_is_popup=\u00a0\u00bboff\u00a0\u00bb da_exit_intent=\u00a0\u00bboff\u00a0\u00bb da_has_close=\u00a0\u00bbon\u00a0\u00bb da_alt_close=\u00a0\u00bboff\u00a0\u00bb da_dark_close=\u00a0\u00bboff\u00a0\u00bb da_not_modal=\u00a0\u00bbon\u00a0\u00bb da_is_singular=\u00a0\u00bboff\u00a0\u00bb da_with_loader=\u00a0\u00bboff\u00a0\u00bb da_has_shadow=\u00a0\u00bbon\u00a0\u00bb da_disable_devices=\u00a0\u00bboff|off|off\u00a0\u00bb][et_pb_row column_structure=\u00a0\u00bb3_4,1_4&Prime; _builder_version=\u00a0\u00bb4.14.5&Prime; _module_preset=\u00a0\u00bbdefault\u00a0\u00bb global_colors_info=\u00a0\u00bb{}\u00a0\u00bb][et_pb_column type=\u00a0\u00bb3_4&Prime; _builder_version=\u00a0\u00bb4.14.5&Prime; _module_preset=\u00a0\u00bbdefault\u00a0\u00bb global_colors_info=\u00a0\u00bb{}\u00a0\u00bb][et_pb_text _builder_version=\u00a0\u00bb4.14.7&Prime; _module_preset=\u00a0\u00bbdefault\u00a0\u00bb header_2_font=\u00a0\u00bb|700||on|||||\u00a0\u00bb hover_enabled=\u00a0\u00bb0&Prime; global_colors_info=\u00a0\u00bb{}\u00a0\u00bb sticky_enabled=\u00a0\u00bb0&Prime;]<\/p>\n<h2>Le fondement<\/h2>\n<p>J\u2019ai (Bruce Katz) commenc\u00e9 \u00e0 enseigner en 1976, \u00e0 l\u2019\u00e2ge de vingt-quatre ans, \u00e0 une polyvalente du r\u00e9seau public francophone de la Rive-sud de Montr\u00e9al. Je me souviens de ma premi\u00e8re rencontre avec Rezeq qui est devenu un fr\u00e8re pour moi, mon fr\u00e8re palestinien. Assis derri\u00e8re mon bureau, j\u2019aper\u00e7ois un jeune homme dans sa trentaine qui me tend la main et se pr\u00e9sente comme \u00e9tant Rezeq Faraj, professeur d\u2019anglais au m\u00eame d\u00e9partement. Il en \u00e9tait lui aussi \u00e0 ses d\u00e9buts dans l\u2019enseignement.<\/p>\n<p>Je lui ai serr\u00e9 la main et nous sommes all\u00e9s prendre un caf\u00e9 ensemble au salon du personnel. \u00ab\u00cates-vous de religion juive ? \u00bb, me demande t-il. \u00ab Oui, je suis n\u00e9 et j\u2019ai \u00e9t\u00e9 \u00e9lev\u00e9 \u00e0 Montr\u00e9al. \u00bb \u00ab Je suis Palestinien \u00bb, me dit-il. \u00ab Il me fait plaisir de faire votre connaissance \u00bb lui r\u00e9pondis-je.<\/p>\n<p>\u00c0 l\u2019\u00e9poque, un Palestinien, c\u2019\u00e9tait un inconnu pour moi, c\u2019\u00e9tait le nom d\u2019un peuple que je ne connaissais pas, mais que je savais \u00eatre en conflit avec l\u2019\u00c9tat d\u2019Isra\u00ebl. Je n\u2019ignorais pas cependant que les Palestinien.ne.s avaient \u00e9t\u00e9 chass\u00e9.e.s de leurs terres et de leur domicile par la milice isra\u00e9lienne en 1948, que ce peuple avait subi une autre d\u00e9faite en 1967 et qu\u2019il vivait depuis sous occupation isra\u00e9lienne.<\/p>\n<p>Les \u00ab v\u00e9rit\u00e9s \u00bb que j\u2019avais accept\u00e9es lors de mon adolescence sur la puret\u00e9 et l\u2019innocence d\u2019Isra\u00ebl avaient commenc\u00e9 \u00e0 se faner en moi depuis plusieurs ann\u00e9es. La guerre au Vietnam m\u2019avait ouvert les yeux sur toute la question de l\u2019imp\u00e9rialisme et sur la brutalit\u00e9 militaire qui l\u2019accompagne in\u00e9vitablement. J\u2019abordais la question palestinienne avec cette m\u00eame perspective.<\/p>\n<p>Tout au long de l\u2019ann\u00e9e scolaire, j\u2019ai appris beaucoup de choses sur la vie de R\u00e9zeq en Palestine et sur les injustices commises par Isra\u00ebl \u00e0 l\u2019endroit du peuple Palestinien. C\u2019est pourquoi, peu \u00e0 peu, les injustices subies par cet homme que je commen\u00e7ais \u00e0 mieux conna\u00eetre me sont apparues dans toute leur tragique dimension humaine.<\/p>\n<h2>La mission et les moyens<\/h2>\n<p>C\u2019est la seconde intifada (soul\u00e8vement populaire) contre la colonisation et l\u2019occupation de la Palestine par Isra\u00ebl et les mobilisations \u00e9tudiantes \u00e0 Montr\u00e9al qui ont insuffl\u00e9, en novembre 2000, cette volont\u00e9 de b\u00e2tir au Qu\u00e9bec un soutien concret \u00e0 la lutte du peuple palestinien. D\u2019abord, le PAJU allait rassembler des personnes d\u2019origine palestinienne et juive du Qu\u00e9bec ainsi que de Qu\u00e9b\u00e9cois.e.s de diff\u00e9rentes origines. Le seul pr\u00e9 requis \u00e9tait le souhait commun que la justice et la paix s\u2019installent sur cette terre palestinienne d\u00e9vast\u00e9e par l\u2019agression de l\u2019arm\u00e9e isra\u00e9lienne.<\/p>\n<p>[\/et_pb_text][\/et_pb_column][et_pb_column type=\u00a0\u00bb1_4&Prime; _builder_version=\u00a0\u00bb4.14.5&Prime; _module_preset=\u00a0\u00bbdefault\u00a0\u00bb global_colors_info=\u00a0\u00bb{}\u00a0\u00bb][et_pb_image src=\u00a0\u00bbhttp:\/\/paju.org\/wp-content\/uploads\/2022\/01\/RB.png\u00a0\u00bb title_text=\u00a0\u00bbR+B\u00a0\u00bb _builder_version=\u00a0\u00bb4.14.5&Prime; _module_preset=\u00a0\u00bbdefault\u00a0\u00bb background_color=\u00a0\u00bbRGBA(255,255,255,0)\u00a0\u00bb animation_style=\u00a0\u00bbslide\u00a0\u00bb animation_direction=\u00a0\u00bbright\u00a0\u00bb global_colors_info=\u00a0\u00bb{}\u00a0\u00bb][\/et_pb_image][\/et_pb_column][\/et_pb_row][\/et_pb_section]<\/p>\n","protected":false},"excerpt":{"rendered":"<p>Notre histoireLe fondement J\u2019ai (Bruce Katz) commenc\u00e9 \u00e0 enseigner en 1976, \u00e0 l\u2019\u00e2ge de vingt-quatre ans, \u00e0 une polyvalente du r\u00e9seau public francophone de la Rive-sud de Montr\u00e9al. Je me [&hellip;]<\/p>\n","protected":false},"author":3,"featured_media":0,"parent":0,"menu_order":0,"comment_status":"closed","ping_status":"closed","template":"","meta":{"_acf_changed":false,"_et_pb_use_builder":"on","_et_pb_old_content":"","_et_gb_content_width":"","footnotes":""},"class_list":["post-3441","page","type-page","status-publish","hentry"],"acf":[],"yoast_head":"<!-- This site is optimized with the Yoast SEO plugin v27.5 - https:\/\/yoast.com\/product\/yoast-seo-wordpress\/ -->\n<title>Notre histoire - PAJU<\/title>\n<meta name=\"robots\" content=\"index, follow, max-snippet:-1, max-image-preview:large, max-video-preview:-1\" \/>\n<link rel=\"canonical\" href=\"https:\/\/paju.org\/fr\/notre-histoire\/\" \/>\n<meta property=\"og:locale\" content=\"fr_FR\" \/>\n<meta property=\"og:type\" content=\"article\" \/>\n<meta property=\"og:title\" content=\"Notre histoire - PAJU\" \/>\n<meta property=\"og:description\" content=\"Notre histoireLe fondement J\u2019ai (Bruce Katz) commenc\u00e9 \u00e0 enseigner en 1976, \u00e0 l\u2019\u00e2ge de vingt-quatre ans, \u00e0 une polyvalente du r\u00e9seau public francophone de la Rive-sud de Montr\u00e9al. Je me [&hellip;]\" \/>\n<meta property=\"og:site_name\" content=\"PAJU\" \/>\n<meta property=\"article:publisher\" content=\"https:\/\/www.facebook.com\/pajumontreal\" \/>\n<meta property=\"article:modified_time\" content=\"2022-03-01T19:45:30+00:00\" \/>\n<meta property=\"og:image\" content=\"https:\/\/paju.org\/wp-content\/uploads\/2022\/05\/PAJU-Logo.png\" \/>\n\t<meta property=\"og:image:width\" content=\"696\" \/>\n\t<meta property=\"og:image:height\" content=\"293\" \/>\n\t<meta property=\"og:image:type\" content=\"image\/png\" \/>\n<meta name=\"twitter:card\" content=\"summary_large_image\" \/>\n<meta name=\"twitter:label1\" content=\"Dur\u00e9e de lecture estim\u00e9e\" \/>\n\t<meta name=\"twitter:data1\" content=\"4 minutes\" \/>\n<script type=\"application\/ld+json\" class=\"yoast-schema-graph\">{\"@context\":\"https:\\\/\\\/schema.org\",\"@graph\":[{\"@type\":\"WebPage\",\"@id\":\"https:\\\/\\\/paju.org\\\/fr\\\/notre-histoire\\\/\",\"url\":\"https:\\\/\\\/paju.org\\\/fr\\\/notre-histoire\\\/\",\"name\":\"Notre histoire - PAJU\",\"isPartOf\":{\"@id\":\"https:\\\/\\\/paju.org\\\/fr\\\/#website\"},\"datePublished\":\"2022-01-31T19:40:10+00:00\",\"dateModified\":\"2022-03-01T19:45:30+00:00\",\"breadcrumb\":{\"@id\":\"https:\\\/\\\/paju.org\\\/fr\\\/notre-histoire\\\/#breadcrumb\"},\"inLanguage\":\"fr-FR\",\"potentialAction\":[{\"@type\":\"ReadAction\",\"target\":[\"https:\\\/\\\/paju.org\\\/fr\\\/notre-histoire\\\/\"]}]},{\"@type\":\"BreadcrumbList\",\"@id\":\"https:\\\/\\\/paju.org\\\/fr\\\/notre-histoire\\\/#breadcrumb\",\"itemListElement\":[{\"@type\":\"ListItem\",\"position\":1,\"name\":\"Home\",\"item\":\"https:\\\/\\\/paju.org\\\/fr\\\/\"},{\"@type\":\"ListItem\",\"position\":2,\"name\":\"Notre histoire\"}]},{\"@type\":\"WebSite\",\"@id\":\"https:\\\/\\\/paju.org\\\/fr\\\/#website\",\"url\":\"https:\\\/\\\/paju.org\\\/fr\\\/\",\"name\":\"PAJU\",\"description\":\"\",\"publisher\":{\"@id\":\"https:\\\/\\\/paju.org\\\/fr\\\/#organization\"},\"potentialAction\":[{\"@type\":\"SearchAction\",\"target\":{\"@type\":\"EntryPoint\",\"urlTemplate\":\"https:\\\/\\\/paju.org\\\/fr\\\/?s={search_term_string}\"},\"query-input\":{\"@type\":\"PropertyValueSpecification\",\"valueRequired\":true,\"valueName\":\"search_term_string\"}}],\"inLanguage\":\"fr-FR\"},{\"@type\":\"Organization\",\"@id\":\"https:\\\/\\\/paju.org\\\/fr\\\/#organization\",\"name\":\"Palestinian and Jewish Unity\",\"url\":\"https:\\\/\\\/paju.org\\\/fr\\\/\",\"logo\":{\"@type\":\"ImageObject\",\"inLanguage\":\"fr-FR\",\"@id\":\"https:\\\/\\\/paju.org\\\/fr\\\/#\\\/schema\\\/logo\\\/image\\\/\",\"url\":\"https:\\\/\\\/paju.org\\\/wp-content\\\/uploads\\\/PAJU-Logo.png\",\"contentUrl\":\"https:\\\/\\\/paju.org\\\/wp-content\\\/uploads\\\/PAJU-Logo.png\",\"width\":696,\"height\":293,\"caption\":\"Palestinian and Jewish Unity\"},\"image\":{\"@id\":\"https:\\\/\\\/paju.org\\\/fr\\\/#\\\/schema\\\/logo\\\/image\\\/\"},\"sameAs\":[\"https:\\\/\\\/www.facebook.com\\\/pajumontreal\",\"https:\\\/\\\/www.instagram.com\\\/pajumontreal\\\/\"]}]}<\/script>\n<!-- \/ Yoast SEO plugin. -->","yoast_head_json":{"title":"Notre histoire - PAJU","robots":{"index":"index","follow":"follow","max-snippet":"max-snippet:-1","max-image-preview":"max-image-preview:large","max-video-preview":"max-video-preview:-1"},"canonical":"https:\/\/paju.org\/fr\/notre-histoire\/","og_locale":"fr_FR","og_type":"article","og_title":"Notre histoire - PAJU","og_site_name":"PAJU","article_publisher":"https:\/\/www.facebook.com\/pajumontreal","article_modified_time":"2022-03-01T19:45:30+00:00","og_image":[{"width":696,"height":293,"url":"https:\/\/paju.org\/wp-content\/uploads\/2022\/05\/PAJU-Logo.png","type":"image\/png"}],"twitter_card":"summary_large_image","twitter_misc":{"Dur\u00e9e de lecture estim\u00e9e":"4 minutes"},"schema":{"@context":"https:\/\/schema.org","@graph":[{"@type":"WebPage","@id":"https:\/\/paju.org\/fr\/notre-histoire\/","url":"https:\/\/paju.org\/fr\/notre-histoire\/","name":"Notre histoire - PAJU","isPartOf":{"@id":"https:\/\/paju.org\/fr\/#website"},"datePublished":"2022-01-31T19:40:10+00:00","dateModified":"2022-03-01T19:45:30+00:00","breadcrumb":{"@id":"https:\/\/paju.org\/fr\/notre-histoire\/#breadcrumb"},"inLanguage":"fr-FR","potentialAction":[{"@type":"ReadAction","target":["https:\/\/paju.org\/fr\/notre-histoire\/"]}]},{"@type":"BreadcrumbList","@id":"https:\/\/paju.org\/fr\/notre-histoire\/#breadcrumb","itemListElement":[{"@type":"ListItem","position":1,"name":"Home","item":"https:\/\/paju.org\/fr\/"},{"@type":"ListItem","position":2,"name":"Notre histoire"}]},{"@type":"WebSite","@id":"https:\/\/paju.org\/fr\/#website","url":"https:\/\/paju.org\/fr\/","name":"PAJU","description":"","publisher":{"@id":"https:\/\/paju.org\/fr\/#organization"},"potentialAction":[{"@type":"SearchAction","target":{"@type":"EntryPoint","urlTemplate":"https:\/\/paju.org\/fr\/?s={search_term_string}"},"query-input":{"@type":"PropertyValueSpecification","valueRequired":true,"valueName":"search_term_string"}}],"inLanguage":"fr-FR"},{"@type":"Organization","@id":"https:\/\/paju.org\/fr\/#organization","name":"Palestinian and Jewish Unity","url":"https:\/\/paju.org\/fr\/","logo":{"@type":"ImageObject","inLanguage":"fr-FR","@id":"https:\/\/paju.org\/fr\/#\/schema\/logo\/image\/","url":"https:\/\/paju.org\/wp-content\/uploads\/PAJU-Logo.png","contentUrl":"https:\/\/paju.org\/wp-content\/uploads\/PAJU-Logo.png","width":696,"height":293,"caption":"Palestinian and Jewish Unity"},"image":{"@id":"https:\/\/paju.org\/fr\/#\/schema\/logo\/image\/"},"sameAs":["https:\/\/www.facebook.com\/pajumontreal","https:\/\/www.instagram.com\/pajumontreal\/"]}]}},"_links":{"self":[{"href":"https:\/\/paju.org\/fr\/wp-json\/wp\/v2\/pages\/3441","targetHints":{"allow":["GET"]}}],"collection":[{"href":"https:\/\/paju.org\/fr\/wp-json\/wp\/v2\/pages"}],"about":[{"href":"https:\/\/paju.org\/fr\/wp-json\/wp\/v2\/types\/page"}],"author":[{"embeddable":true,"href":"https:\/\/paju.org\/fr\/wp-json\/wp\/v2\/users\/3"}],"replies":[{"embeddable":true,"href":"https:\/\/paju.org\/fr\/wp-json\/wp\/v2\/comments?post=3441"}],"version-history":[{"count":9,"href":"https:\/\/paju.org\/fr\/wp-json\/wp\/v2\/pages\/3441\/revisions"}],"predecessor-version":[{"id":4272,"href":"https:\/\/paju.org\/fr\/wp-json\/wp\/v2\/pages\/3441\/revisions\/4272"}],"wp:attachment":[{"href":"https:\/\/paju.org\/fr\/wp-json\/wp\/v2\/media?parent=3441"}],"curies":[{"name":"wp","href":"https:\/\/api.w.org\/{rel}","templated":true}]}}